{"id":236273,"date":"2024-09-29T04:40:38","date_gmt":"2024-09-29T04:40:38","guid":{"rendered":"https:\/\/irankiuzona.lt\/product\/leksteles-tepalo-filtrui-30vnt\/"},"modified":"2026-04-10T04:18:16","modified_gmt":"2026-04-10T04:18:16","slug":"leksteles-tepalo-filtrui-30vnt","status":"publish","type":"product","link":"https:\/\/irankiuzona.lt\/ru\/product\/leksteles-tepalo-filtrui-30vnt\/","title":{"rendered":"L\u0117k\u0161tel\u0117s tepalo filtrui *30vnt."},"content":{"rendered":"<p>\u2022Cup 65mm\/14P: Daihatsu, Toyota, Nissan, Fiat\u2022Cup 65~67mm\/14P: Daihatsu, Toyota\u2022Cup 66mm\/6P: Fiat Punto 1.2, Renault Clio 1.2, Rapid, Twingo\u2022Cup 68mm\/14P: Mazda, Ford, Subaru\u2022Cup 73mm\/14P: Toyota, Lexus\u2022Cup 74mm\/15P: Audi, Rover, Chrysler\u2022Cup 74~76mm\/15P: Ford, Opel, VW, Audi, Mercedes\u2022Cup 75~77mm\/15P: VW, Audi, Isuzu, Mercedes\u2022Cup 76mm\/8P: Ford, Nissan\u2022Cup 76mm\/12P: Fiat, Mercedes, Renault\u2022Cup 76mm\/14P: VW, Porsche, Mercedes-Benz, BMW, Audi, Opel\u2022Cup 76mm\/30P: Fiat, Lancia\u2022Cup 78mm\/15P: Nissan, Honda, Opel, Mazda\u2022Cup 80mm\/15P: Subaru, Toyota, Honda, Nissan\u2022Cup 80~82mm\/15P: Volvo\u2022Cup 86mm\/16P: VW Golf, Audi A6 TDI, Peugeot, Citroen\u2022Cup 86mm\/18P: Honda, Mitsubishi, Isuzu\u2022Cup 90mm\/15P: Fiat\u2022Cup 92mm\/10P: Mazda, Volvo, Mitsubishi, Lancia\u2022Cup 93mm\/15P: Nissan, VW, Porsche, Renault, Audi, Honda\u2022Cup 93mm\/36P: Ford\u2022Cup 93mm\/45P: VW, Audi TDI\u2022Cup 95mm\/15P: Toyota, Alfa, Ford\u2022Cup 96mm\/18P: Audi A4, A6 TDI, VW Passat TDI, Renault\u2022Cup 100mm\/15P: Isuzu, Mitsubishi\u2022Cup 106mm\/15P: Fiat Ducato\u2022Cup 108mm\/15P: Volvo\u2022Cup 108mm\/18P: Renault Espace, Laguna, Safrane, Traffic\u2022Adaptor 3\/8&quot;&quot; Dr. &#038; 1\/2&quot;&quot; Dr.<\/p>","protected":false},"excerpt":{"rendered":"<p>L\u0117k\u0161tel\u0117s tepalo filtrui *30vnt.<\/p>","protected":false},"featured_media":236275,"comment_status":"open","ping_status":"open","template":"","meta":[],"product_cat":[9547],"product_tag":[9435],"class_list":{"0":"post-236273","1":"product","2":"type-product","3":"status-publish","4":"has-post-thumbnail","6":"product_brand-kinija","7":"product_cat-galvu-komplektai-tepalo-filtrams","8":"product_tag-kinija","10":"first","11":"outofstock","12":"purchasable","13":"product-type-simple"},"jetpack_sharing_enabled":true,"_links":{"self":[{"href":"https:\/\/irankiuzona.lt\/ru\/wp-json\/wp\/v2\/product\/236273","targetHints":{"allow":["GET"]}}],"collection":[{"href":"https:\/\/irankiuzona.lt\/ru\/wp-json\/wp\/v2\/product"}],"about":[{"href":"https:\/\/irankiuzona.lt\/ru\/wp-json\/wp\/v2\/types\/product"}],"replies":[{"embeddable":true,"href":"https:\/\/irankiuzona.lt\/ru\/wp-json\/wp\/v2\/comments?post=236273"}],"version-history":[{"count":1,"href":"https:\/\/irankiuzona.lt\/ru\/wp-json\/wp\/v2\/product\/236273\/revisions"}],"predecessor-version":[{"id":413670,"href":"https:\/\/irankiuzona.lt\/ru\/wp-json\/wp\/v2\/product\/236273\/revisions\/413670"}],"wp:featuredmedia":[{"embeddable":true,"href":"https:\/\/irankiuzona.lt\/ru\/wp-json\/wp\/v2\/media\/236275"}],"wp:attachment":[{"href":"https:\/\/irankiuzona.lt\/ru\/wp-json\/wp\/v2\/media?parent=236273"}],"wp:term":[{"taxonomy":"product_cat","embeddable":true,"href":"https:\/\/irankiuzona.lt\/ru\/wp-json\/wp\/v2\/product_cat?post=236273"},{"taxonomy":"product_tag","embeddable":true,"href":"https:\/\/irankiuzona.lt\/ru\/wp-json\/wp\/v2\/product_tag?post=236273"}],"curies":[{"name":"wp","href":"https:\/\/api.w.org\/{rel}","templated":true}]}}