{"id":236355,"date":"2024-09-29T04:40:46","date_gmt":"2024-09-29T04:40:46","guid":{"rendered":"https:\/\/irankiuzona.lt\/product\/laikikliai-galvutems-3vnt-1-43-81-2\/"},"modified":"2026-05-14T10:57:23","modified_gmt":"2026-05-14T10:57:23","slug":"laikikliai-galvutems-3vnt-1-43-81-2","status":"publish","type":"product","link":"https:\/\/irankiuzona.lt\/ru\/product\/laikikliai-galvutems-3vnt-1-43-81-2\/","title":{"rendered":"Laikikliai galvut\u0117ms 3vnt. (1\/4+3\/8+1\/2)"},"content":{"rendered":"<p>1\/4 galvut\u0117ms\u00a04mm &#8211; 15mm 3\/8 galvut\u0117ms 6mm &#8211; 20mm 1\/2 galvut\u0117ms 10mm &#8211; 27mm\u00a0<\/p>","protected":false},"excerpt":{"rendered":"<p>Galvu\u010di\u0173 laikikli\u0173 rinkinys 3vnt. (1\/4+3\/8+1\/2)<\/p>","protected":false},"featured_media":236357,"comment_status":"open","ping_status":"open","template":"","meta":[],"product_cat":[9461],"product_tag":[9435],"class_list":{"0":"post-236355","1":"product","2":"type-product","3":"status-publish","4":"has-post-thumbnail","6":"product_brand-kinija","7":"product_cat-laikikliai-galvutems","8":"product_tag-kinija","10":"first","11":"outofstock","12":"purchasable","13":"product-type-simple"},"jetpack_sharing_enabled":true,"_links":{"self":[{"href":"https:\/\/irankiuzona.lt\/ru\/wp-json\/wp\/v2\/product\/236355","targetHints":{"allow":["GET"]}}],"collection":[{"href":"https:\/\/irankiuzona.lt\/ru\/wp-json\/wp\/v2\/product"}],"about":[{"href":"https:\/\/irankiuzona.lt\/ru\/wp-json\/wp\/v2\/types\/product"}],"replies":[{"embeddable":true,"href":"https:\/\/irankiuzona.lt\/ru\/wp-json\/wp\/v2\/comments?post=236355"}],"version-history":[{"count":1,"href":"https:\/\/irankiuzona.lt\/ru\/wp-json\/wp\/v2\/product\/236355\/revisions"}],"predecessor-version":[{"id":413695,"href":"https:\/\/irankiuzona.lt\/ru\/wp-json\/wp\/v2\/product\/236355\/revisions\/413695"}],"wp:featuredmedia":[{"embeddable":true,"href":"https:\/\/irankiuzona.lt\/ru\/wp-json\/wp\/v2\/media\/236357"}],"wp:attachment":[{"href":"https:\/\/irankiuzona.lt\/ru\/wp-json\/wp\/v2\/media?parent=236355"}],"wp:term":[{"taxonomy":"product_cat","embeddable":true,"href":"https:\/\/irankiuzona.lt\/ru\/wp-json\/wp\/v2\/product_cat?post=236355"},{"taxonomy":"product_tag","embeddable":true,"href":"https:\/\/irankiuzona.lt\/ru\/wp-json\/wp\/v2\/product_tag?post=236355"}],"curies":[{"name":"wp","href":"https:\/\/api.w.org\/{rel}","templated":true}]}}