{"id":236520,"date":"2024-09-29T04:50:07","date_gmt":"2024-09-29T04:50:07","guid":{"rendered":"https:\/\/irankiuzona.lt\/product\/sepetys-zalvarinis-4x16-250mm\/"},"modified":"2026-04-03T15:31:01","modified_gmt":"2026-04-03T15:31:01","slug":"sepetys-zalvarinis-4x16-250mm","status":"publish","type":"product","link":"https:\/\/irankiuzona.lt\/ru\/product\/sepetys-zalvarinis-4x16-250mm\/","title":{"rendered":"\u0160epetys \u017ealvarinis 4&#215;16  250mm"},"content":{"rendered":"<p>Pavir\u0161i\u0173 paruo\u0161imui tolesniam apdorojimui &#8211; r\u016bd\u017ei\u0173, u\u017eter\u0161tumo, da\u017e\u0173, nuos\u0117d\u0173, ne\u0161varum\u0173 ir kt. pa\u0161alinimui.\u00a0\u017dalvarin\u0117 viela \u2013 keturi\u0173 eili\u0173.<\/p>","protected":false},"excerpt":{"rendered":"<p>\u0160epetys \u017ealvarinis 4&#215;16\u00a0 250mm<\/p>","protected":false},"featured_media":236522,"comment_status":"open","ping_status":"open","template":"","meta":[],"product_cat":[9609],"product_tag":[9969],"class_list":{"0":"post-236520","1":"product","2":"type-product","3":"status-publish","4":"has-post-thumbnail","6":"product_brand-hogert-technik-vokietija","7":"product_cat-rankiniai-sepeciai","8":"product_tag-hogert-technik-vokietija","10":"first","11":"instock","12":"purchasable","13":"product-type-simple"},"jetpack_sharing_enabled":true,"_links":{"self":[{"href":"https:\/\/irankiuzona.lt\/ru\/wp-json\/wp\/v2\/product\/236520","targetHints":{"allow":["GET"]}}],"collection":[{"href":"https:\/\/irankiuzona.lt\/ru\/wp-json\/wp\/v2\/product"}],"about":[{"href":"https:\/\/irankiuzona.lt\/ru\/wp-json\/wp\/v2\/types\/product"}],"replies":[{"embeddable":true,"href":"https:\/\/irankiuzona.lt\/ru\/wp-json\/wp\/v2\/comments?post=236520"}],"version-history":[{"count":0,"href":"https:\/\/irankiuzona.lt\/ru\/wp-json\/wp\/v2\/product\/236520\/revisions"}],"wp:featuredmedia":[{"embeddable":true,"href":"https:\/\/irankiuzona.lt\/ru\/wp-json\/wp\/v2\/media\/236522"}],"wp:attachment":[{"href":"https:\/\/irankiuzona.lt\/ru\/wp-json\/wp\/v2\/media?parent=236520"}],"wp:term":[{"taxonomy":"product_cat","embeddable":true,"href":"https:\/\/irankiuzona.lt\/ru\/wp-json\/wp\/v2\/product_cat?post=236520"},{"taxonomy":"product_tag","embeddable":true,"href":"https:\/\/irankiuzona.lt\/ru\/wp-json\/wp\/v2\/product_tag?post=236520"}],"curies":[{"name":"wp","href":"https:\/\/api.w.org\/{rel}","templated":true}]}}