{"id":236541,"date":"2024-09-29T04:50:08","date_gmt":"2024-09-29T04:50:08","guid":{"rendered":"https:\/\/irankiuzona.lt\/product\/dezute-kampams-300x140x80mm\/"},"modified":"2026-05-15T13:02:01","modified_gmt":"2026-05-15T13:02:01","slug":"dezute-kampams-300x140x80mm","status":"publish","type":"product","link":"https:\/\/irankiuzona.lt\/ru\/product\/dezute-kampams-300x140x80mm\/","title":{"rendered":"D\u0117\u017eut\u0117 kampams 300x140x80mm"},"content":{"rendered":"<p>D\u0117\u017e\u0117 palengvina med\u017eiag\u0173 pjovim\u0105 kampu. Naudinga pjaunant lentjuostes, lentas ir kvadratin\u0119 medien\u0105, i\u0161d\u0117styt\u0105 vertikaliai, horizontaliai ir \u012fstri\u017eai. Pagamintas i\u0161 ABS plastiko; &#8211; leid\u017eia pjauti 45\u00b0, 90\u00b0 ir 135\u00b0 kampu<\/p>","protected":false},"excerpt":{"rendered":"<p>D\u0117\u017eut\u0117 kampams 300x140x80mm<\/p>","protected":false},"featured_media":236543,"comment_status":"open","ping_status":"open","template":"","meta":[],"product_cat":[9771],"product_tag":[9969],"class_list":{"0":"post-236541","1":"product","2":"type-product","3":"status-publish","4":"has-post-thumbnail","6":"product_brand-hogert-technik-vokietija","7":"product_cat-pjuklu-dezutes-kampams","8":"product_tag-hogert-technik-vokietija","10":"first","11":"instock","12":"purchasable","13":"product-type-simple"},"jetpack_sharing_enabled":true,"_links":{"self":[{"href":"https:\/\/irankiuzona.lt\/ru\/wp-json\/wp\/v2\/product\/236541","targetHints":{"allow":["GET"]}}],"collection":[{"href":"https:\/\/irankiuzona.lt\/ru\/wp-json\/wp\/v2\/product"}],"about":[{"href":"https:\/\/irankiuzona.lt\/ru\/wp-json\/wp\/v2\/types\/product"}],"replies":[{"embeddable":true,"href":"https:\/\/irankiuzona.lt\/ru\/wp-json\/wp\/v2\/comments?post=236541"}],"version-history":[{"count":1,"href":"https:\/\/irankiuzona.lt\/ru\/wp-json\/wp\/v2\/product\/236541\/revisions"}],"predecessor-version":[{"id":413758,"href":"https:\/\/irankiuzona.lt\/ru\/wp-json\/wp\/v2\/product\/236541\/revisions\/413758"}],"wp:featuredmedia":[{"embeddable":true,"href":"https:\/\/irankiuzona.lt\/ru\/wp-json\/wp\/v2\/media\/236543"}],"wp:attachment":[{"href":"https:\/\/irankiuzona.lt\/ru\/wp-json\/wp\/v2\/media?parent=236541"}],"wp:term":[{"taxonomy":"product_cat","embeddable":true,"href":"https:\/\/irankiuzona.lt\/ru\/wp-json\/wp\/v2\/product_cat?post=236541"},{"taxonomy":"product_tag","embeddable":true,"href":"https:\/\/irankiuzona.lt\/ru\/wp-json\/wp\/v2\/product_tag?post=236541"}],"curies":[{"name":"wp","href":"https:\/\/api.w.org\/{rel}","templated":true}]}}