{"id":236558,"date":"2024-09-29T04:50:10","date_gmt":"2024-09-29T04:50:10","guid":{"rendered":"https:\/\/irankiuzona.lt\/product\/lazerinis-atstumo-matuoklis-iki-40m-hoegert-ht4m321\/"},"modified":"2026-04-14T14:09:41","modified_gmt":"2026-04-14T14:09:41","slug":"lazerinis-atstumo-matuoklis-iki-40m-hoegert-ht4m321","status":"publish","type":"product","link":"https:\/\/irankiuzona.lt\/ru\/product\/lazerinis-atstumo-matuoklis-iki-40m-hoegert-ht4m321\/","title":{"rendered":"Lazerinis atstumo matuoklis iki 40m HOEGERT HT4M321"},"content":{"rendered":"<p>\u201eHoegert Technik\u201c yra modernus ir dinami\u0161kai besivystantis profesionali\u0173 rankini\u0173 \u012franki\u0173 gamintojas. M\u016bs\u0173 produktai buvo sukurti intensyviam naudojimui ypatingai reikliems klientams. Hoegert Technik &#8211; patikimumas ir ilgaam\u017ei\u0161kumas. Techninis apra\u0161ymas: Lazerinis atstumo matuoklis, skirtas atstumui, t\u016briui ir vidutiniam ilgiui matuoti. Technin\u0117 charakteristika: &#8211; patogus sietuvas; &#8211; did\u017eiausias matavimo atstumas \u2013 40 m, matavimo tikslumas \u2013 +\/- 2 mm; &#8211; automati\u0161kai i\u0161saugoma 30 paskutini\u0173 matavim\u0173; &#8211; LCD (skyst\u0173j\u0173 kristal\u0173 ekranas); &#8211; kompakti\u0161kas, ergonomi\u0161kas korpusas; &#8211; lengvas; &#8211; galimyb\u0117 pamatuoti sunkiai pasiekiamose vietose.<\/p>","protected":false},"excerpt":{"rendered":"<p>\u201eHoegert Technik\u201c yra modernus ir dinami\u0161kai besivystantis profesionali\u0173 rankini\u0173 \u012franki\u0173 gamintojas. M\u016bs\u0173 produktai buvo sukurti intensyviam naudojimui ypatingai reikliems klientams. Hoegert Technik &#8211; patikimumas ir ilgaam\u017ei\u0161kumas. Techninis apra\u0161ymas: Lazerinis atstumo<\/p>","protected":false},"featured_media":236560,"comment_status":"open","ping_status":"open","template":"","meta":[],"product_cat":[9973],"product_tag":[9969],"class_list":{"0":"post-236558","1":"product","2":"type-product","3":"status-publish","4":"has-post-thumbnail","6":"product_brand-hogert-technik-vokietija","7":"product_cat-lazeriniai-matuokliai","8":"product_tag-hogert-technik-vokietija","10":"first","11":"outofstock","12":"purchasable","13":"product-type-simple"},"jetpack_sharing_enabled":true,"_links":{"self":[{"href":"https:\/\/irankiuzona.lt\/ru\/wp-json\/wp\/v2\/product\/236558","targetHints":{"allow":["GET"]}}],"collection":[{"href":"https:\/\/irankiuzona.lt\/ru\/wp-json\/wp\/v2\/product"}],"about":[{"href":"https:\/\/irankiuzona.lt\/ru\/wp-json\/wp\/v2\/types\/product"}],"replies":[{"embeddable":true,"href":"https:\/\/irankiuzona.lt\/ru\/wp-json\/wp\/v2\/comments?post=236558"}],"version-history":[{"count":1,"href":"https:\/\/irankiuzona.lt\/ru\/wp-json\/wp\/v2\/product\/236558\/revisions"}],"predecessor-version":[{"id":413764,"href":"https:\/\/irankiuzona.lt\/ru\/wp-json\/wp\/v2\/product\/236558\/revisions\/413764"}],"wp:featuredmedia":[{"embeddable":true,"href":"https:\/\/irankiuzona.lt\/ru\/wp-json\/wp\/v2\/media\/236560"}],"wp:attachment":[{"href":"https:\/\/irankiuzona.lt\/ru\/wp-json\/wp\/v2\/media?parent=236558"}],"wp:term":[{"taxonomy":"product_cat","embeddable":true,"href":"https:\/\/irankiuzona.lt\/ru\/wp-json\/wp\/v2\/product_cat?post=236558"},{"taxonomy":"product_tag","embeddable":true,"href":"https:\/\/irankiuzona.lt\/ru\/wp-json\/wp\/v2\/product_tag?post=236558"}],"curies":[{"name":"wp","href":"https:\/\/api.w.org\/{rel}","templated":true}]}}