{"id":236575,"date":"2024-09-29T04:50:12","date_gmt":"2024-09-29T04:50:12","guid":{"rendered":"https:\/\/irankiuzona.lt\/product\/kampainis-al-300mm\/"},"modified":"2026-05-14T20:15:28","modified_gmt":"2026-05-14T20:15:28","slug":"kampainis-al-300mm","status":"publish","type":"product","link":"https:\/\/irankiuzona.lt\/ru\/product\/kampainis-al-300mm\/","title":{"rendered":"Kampainis al. 300mm"},"content":{"rendered":"<p>Universalus kampo matuoklis, daugiausia naudojamas dailid\u0117s darbuose. Gaminys taip pat gali b\u016bti naudojamas kaip nivelyras ir auk\u0161\u010dio bei gylio matavimas, tod\u0117l puikiai tinka kitiems statybos darbams.<br \/>\nPatvarus, pagamintas i\u0161 plieno ir aliuminio &#8211; 300 mm\/12&quot; , reguliuojamas, poliruotas ir da\u017eytas pavir\u0161ius, atsparus i\u0161oriniams veiksniams. Nubr\u0117\u017eta coli\u0173 skal\u0117<\/p>","protected":false},"excerpt":{"rendered":"<p>Kampainis al. 300mm<\/p>","protected":false},"featured_media":236577,"comment_status":"open","ping_status":"open","template":"","meta":[],"product_cat":[9441],"product_tag":[9969],"class_list":{"0":"post-236575","1":"product","2":"type-product","3":"status-publish","4":"has-post-thumbnail","6":"product_brand-hogert-technik-vokietija","7":"product_cat-kampainiai-kampu-matuokliai","8":"product_tag-hogert-technik-vokietija","10":"first","11":"instock","12":"purchasable","13":"product-type-simple"},"jetpack_sharing_enabled":true,"_links":{"self":[{"href":"https:\/\/irankiuzona.lt\/ru\/wp-json\/wp\/v2\/product\/236575","targetHints":{"allow":["GET"]}}],"collection":[{"href":"https:\/\/irankiuzona.lt\/ru\/wp-json\/wp\/v2\/product"}],"about":[{"href":"https:\/\/irankiuzona.lt\/ru\/wp-json\/wp\/v2\/types\/product"}],"replies":[{"embeddable":true,"href":"https:\/\/irankiuzona.lt\/ru\/wp-json\/wp\/v2\/comments?post=236575"}],"version-history":[{"count":1,"href":"https:\/\/irankiuzona.lt\/ru\/wp-json\/wp\/v2\/product\/236575\/revisions"}],"predecessor-version":[{"id":413770,"href":"https:\/\/irankiuzona.lt\/ru\/wp-json\/wp\/v2\/product\/236575\/revisions\/413770"}],"wp:featuredmedia":[{"embeddable":true,"href":"https:\/\/irankiuzona.lt\/ru\/wp-json\/wp\/v2\/media\/236577"}],"wp:attachment":[{"href":"https:\/\/irankiuzona.lt\/ru\/wp-json\/wp\/v2\/media?parent=236575"}],"wp:term":[{"taxonomy":"product_cat","embeddable":true,"href":"https:\/\/irankiuzona.lt\/ru\/wp-json\/wp\/v2\/product_cat?post=236575"},{"taxonomy":"product_tag","embeddable":true,"href":"https:\/\/irankiuzona.lt\/ru\/wp-json\/wp\/v2\/product_tag?post=236575"}],"curies":[{"name":"wp","href":"https:\/\/api.w.org\/{rel}","templated":true}]}}