{"id":236606,"date":"2024-09-29T04:50:15","date_gmt":"2024-09-29T04:50:15","guid":{"rendered":"https:\/\/irankiuzona.lt\/product\/terkslinis-raktas-1-4-su-vartoma-galva\/"},"modified":"2026-05-11T10:58:23","modified_gmt":"2026-05-11T10:58:23","slug":"terkslinis-raktas-1-4-su-vartoma-galva","status":"publish","type":"product","link":"https:\/\/irankiuzona.lt\/ru\/product\/terkslinis-raktas-1-4-su-vartoma-galva\/","title":{"rendered":"Terk\u0161linis raktas 1\/4 su vartoma galva"},"content":{"rendered":"<p>HOEGERT terk\u0161l\u0117 1\/4 galvut\u0117ms, vartoma galva<\/p>\n<p>vartoma galva, patogesniam darbui sunkiai pasiekiamose vietose;<br \/>\nvartoma galva leid\u017eia naudotis terk\u0161le beveik bet kokiu kampu;<br \/>\nchromo-vanad\u017eio plienas;<br \/>\nauk\u0161tos kokyb\u0117s chromo-molybdeno terk\u0161linis mechanizmas;<br \/>\n72-dant\u0173 terk\u0161linis mechanizmas;<br \/>\n5 laipsni\u0173 darbinis kampas;<br \/>\nergonomi\u0161ka, neslystanti rankena patogiam darbui.<\/p>","protected":false},"excerpt":{"rendered":"<p>Terk\u0161l\u0117\u00a01\/4 su vartoma galva HOEGERT HT1R373<\/p>","protected":false},"featured_media":236608,"comment_status":"open","ping_status":"open","template":"","meta":[],"product_cat":[9508],"product_tag":[9969],"class_list":{"0":"post-236606","1":"product","2":"type-product","3":"status-publish","4":"has-post-thumbnail","6":"product_brand-hogert-technik-vokietija","7":"product_cat-terksles-vartomu-galu","8":"product_tag-hogert-technik-vokietija","10":"first","11":"outofstock","12":"purchasable","13":"product-type-simple"},"jetpack_sharing_enabled":true,"_links":{"self":[{"href":"https:\/\/irankiuzona.lt\/ru\/wp-json\/wp\/v2\/product\/236606","targetHints":{"allow":["GET"]}}],"collection":[{"href":"https:\/\/irankiuzona.lt\/ru\/wp-json\/wp\/v2\/product"}],"about":[{"href":"https:\/\/irankiuzona.lt\/ru\/wp-json\/wp\/v2\/types\/product"}],"replies":[{"embeddable":true,"href":"https:\/\/irankiuzona.lt\/ru\/wp-json\/wp\/v2\/comments?post=236606"}],"version-history":[{"count":1,"href":"https:\/\/irankiuzona.lt\/ru\/wp-json\/wp\/v2\/product\/236606\/revisions"}],"predecessor-version":[{"id":413781,"href":"https:\/\/irankiuzona.lt\/ru\/wp-json\/wp\/v2\/product\/236606\/revisions\/413781"}],"wp:featuredmedia":[{"embeddable":true,"href":"https:\/\/irankiuzona.lt\/ru\/wp-json\/wp\/v2\/media\/236608"}],"wp:attachment":[{"href":"https:\/\/irankiuzona.lt\/ru\/wp-json\/wp\/v2\/media?parent=236606"}],"wp:term":[{"taxonomy":"product_cat","embeddable":true,"href":"https:\/\/irankiuzona.lt\/ru\/wp-json\/wp\/v2\/product_cat?post=236606"},{"taxonomy":"product_tag","embeddable":true,"href":"https:\/\/irankiuzona.lt\/ru\/wp-json\/wp\/v2\/product_tag?post=236606"}],"curies":[{"name":"wp","href":"https:\/\/api.w.org\/{rel}","templated":true}]}}