{"id":236609,"date":"2024-09-29T04:50:15","date_gmt":"2024-09-29T04:50:15","guid":{"rendered":"https:\/\/irankiuzona.lt\/product\/terksle-teleskopine-1-2\/"},"modified":"2026-05-15T22:33:47","modified_gmt":"2026-05-15T22:33:47","slug":"terksle-teleskopine-1-2","status":"publish","type":"product","link":"https:\/\/irankiuzona.lt\/ru\/product\/terksle-teleskopine-1-2\/","title":{"rendered":"Terk\u0161l\u0117 teleskopin\u0117 1\/2&quot;"},"content":{"rendered":"<p>72 dant\u0173 mechanizmas &#8211; 5\u00b0 darbo kampas &#8211; sukimosi krypties jungiklis de\u0161in\u0117n \/ kair\u0117n.<\/p>","protected":false},"excerpt":{"rendered":"<p>Terk\u0161l\u0117 1\/2&quot; teleskopin\u0117<\/p>","protected":false},"featured_media":236611,"comment_status":"open","ping_status":"open","template":"","meta":[],"product_cat":[9681],"product_tag":[9969],"class_list":{"0":"post-236609","1":"product","2":"type-product","3":"status-publish","4":"has-post-thumbnail","6":"product_brand-hogert-technik-vokietija","7":"product_cat-terksles-teleskopines","8":"product_tag-hogert-technik-vokietija","10":"first","11":"instock","12":"purchasable","13":"product-type-simple"},"jetpack_sharing_enabled":true,"_links":{"self":[{"href":"https:\/\/irankiuzona.lt\/ru\/wp-json\/wp\/v2\/product\/236609","targetHints":{"allow":["GET"]}}],"collection":[{"href":"https:\/\/irankiuzona.lt\/ru\/wp-json\/wp\/v2\/product"}],"about":[{"href":"https:\/\/irankiuzona.lt\/ru\/wp-json\/wp\/v2\/types\/product"}],"replies":[{"embeddable":true,"href":"https:\/\/irankiuzona.lt\/ru\/wp-json\/wp\/v2\/comments?post=236609"}],"version-history":[{"count":1,"href":"https:\/\/irankiuzona.lt\/ru\/wp-json\/wp\/v2\/product\/236609\/revisions"}],"predecessor-version":[{"id":413782,"href":"https:\/\/irankiuzona.lt\/ru\/wp-json\/wp\/v2\/product\/236609\/revisions\/413782"}],"wp:featuredmedia":[{"embeddable":true,"href":"https:\/\/irankiuzona.lt\/ru\/wp-json\/wp\/v2\/media\/236611"}],"wp:attachment":[{"href":"https:\/\/irankiuzona.lt\/ru\/wp-json\/wp\/v2\/media?parent=236609"}],"wp:term":[{"taxonomy":"product_cat","embeddable":true,"href":"https:\/\/irankiuzona.lt\/ru\/wp-json\/wp\/v2\/product_cat?post=236609"},{"taxonomy":"product_tag","embeddable":true,"href":"https:\/\/irankiuzona.lt\/ru\/wp-json\/wp\/v2\/product_tag?post=236609"}],"curies":[{"name":"wp","href":"https:\/\/api.w.org\/{rel}","templated":true}]}}