{"id":236681,"date":"2024-09-29T04:50:22","date_gmt":"2024-09-29T04:50:22","guid":{"rendered":"https:\/\/irankiuzona.lt\/product\/uzspaudejas-200mm\/"},"modified":"2026-04-07T17:45:32","modified_gmt":"2026-04-07T17:45:32","slug":"uzspaudejas-200mm","status":"publish","type":"product","link":"https:\/\/irankiuzona.lt\/ru\/product\/uzspaudejas-200mm\/","title":{"rendered":"U\u017espaudejas 200mm"},"content":{"rendered":"<p>Auk\u0161tos kokyb\u0117s plienin\u0117 spyruokl\u0117 garantuoja spaustuko patikimum\u0105.D\u0117l reguliuojam\u0173 \u017eandikauli\u0173 galima reguliuoti kontaktin\u012f pavir\u0161i\u0173.U\u017eraktas padidina darbo komfort\u0105 ir saugum\u0105.D\u0117l galimyb\u0117s reguliuoti suspaudimo j\u0117g\u0105 galima naudoti ir su jautriais objektais.Ergonomi\u0161kos, kont\u016bruotos rankenos u\u017etikrina patog\u0173 darb\u0105.<\/p>","protected":false},"excerpt":{"rendered":"<p>U\u017espaudejas 200mm<\/p>","protected":false},"featured_media":236683,"comment_status":"open","ping_status":"open","template":"","meta":[],"product_cat":[9720],"product_tag":[9969],"class_list":{"0":"post-236681","1":"product","2":"type-product","3":"status-publish","4":"has-post-thumbnail","6":"product_brand-hogert-technik-vokietija","7":"product_cat-rankiniai-spaustuvai","8":"product_tag-hogert-technik-vokietija","10":"first","11":"instock","12":"purchasable","13":"product-type-simple"},"jetpack_sharing_enabled":true,"_links":{"self":[{"href":"https:\/\/irankiuzona.lt\/ru\/wp-json\/wp\/v2\/product\/236681","targetHints":{"allow":["GET"]}}],"collection":[{"href":"https:\/\/irankiuzona.lt\/ru\/wp-json\/wp\/v2\/product"}],"about":[{"href":"https:\/\/irankiuzona.lt\/ru\/wp-json\/wp\/v2\/types\/product"}],"replies":[{"embeddable":true,"href":"https:\/\/irankiuzona.lt\/ru\/wp-json\/wp\/v2\/comments?post=236681"}],"version-history":[{"count":0,"href":"https:\/\/irankiuzona.lt\/ru\/wp-json\/wp\/v2\/product\/236681\/revisions"}],"wp:featuredmedia":[{"embeddable":true,"href":"https:\/\/irankiuzona.lt\/ru\/wp-json\/wp\/v2\/media\/236683"}],"wp:attachment":[{"href":"https:\/\/irankiuzona.lt\/ru\/wp-json\/wp\/v2\/media?parent=236681"}],"wp:term":[{"taxonomy":"product_cat","embeddable":true,"href":"https:\/\/irankiuzona.lt\/ru\/wp-json\/wp\/v2\/product_cat?post=236681"},{"taxonomy":"product_tag","embeddable":true,"href":"https:\/\/irankiuzona.lt\/ru\/wp-json\/wp\/v2\/product_tag?post=236681"}],"curies":[{"name":"wp","href":"https:\/\/api.w.org\/{rel}","templated":true}]}}