{"id":236750,"date":"2024-09-29T04:50:28","date_gmt":"2024-09-29T04:50:28","guid":{"rendered":"https:\/\/irankiuzona.lt\/product\/coliniu-irankiu-komplektas-profi-81vnt\/"},"modified":"2026-04-15T09:16:50","modified_gmt":"2026-04-15T09:16:50","slug":"coliniu-irankiu-komplektas-profi-81vnt","status":"publish","type":"product","link":"https:\/\/irankiuzona.lt\/ru\/product\/coliniu-irankiu-komplektas-profi-81vnt\/","title":{"rendered":"Colini\u0173 \u012franki\u0173 komplektas profi 81vnt."},"content":{"rendered":"<p>Komplekte:Galvos 1\/4 trumpos:\u00a05\/32&quot; ,\u00a03\/16&quot; ,\u00a07\/32&quot; ,\u00a01\/4&quot; ,\u00a09\/32&quot; ,\u00a05\/16&quot; ,\u00a011\/32&quot; ,\u00a03\/8&quot; ,\u00a013\/32&quot; ,\u00a07\/16&quot; ,\u00a015\/32&quot; ,\u00a01\/2&quot;Galvos 1\/4 ilgos:\u00a01\/4&quot; ,\u00a05\/16&quot; ,\u00a03\/8&quot; ,\u00a07\/16&quot; ,\u00a01\/2&quot;.Galvos 3\/8 trumpos:\u00a05\/16&quot; ,\u00a011\/32&quot; ,\u00a03\/8&quot; ,\u00a07\/16&quot; ,\u00a01\/2&quot; ,\u00a09\/16&quot; ,\u00a019\/32&quot; ,\u00a05\/8&quot; ,\u00a011\/16&quot;.Galvos 3\/8 ilgos:\u00a01\/2&quot; ,\u00a09\/16&quot; ,\u00a05\/8&quot;Galvos 1\/2 trumpos:\u00a03\/8&quot; ,\u00a07\/16&quot; ,\u00a01\/2&quot; ,\u00a09\/16&quot; ,\u00a05\/8&quot; ,\u00a011\/16&quot; ,\u00a03\/4&quot; ,\u00a013\/16&quot; ,\u00a07\/8&quot; ,\u00a015\/16&quot; ,\u00a01&quot; ,\u00a01.1\/16&quot; ,\u00a01.1\/8&quot; ,\u00a01.1\/4&quot;.Galvos 1\/2 ilgos:\u00a011\/16&quot; ,\u00a03\/4&quot; ,\u00a013\/16&quot; ,\u00a07\/8&quot;\u012epresuoti 1\/4 antgaliukai:\u00a01\/8&quot; ,\u00a05\/32&quot; ,\u00a03\/16&quot; ,\u00a07\/32&quot; ,\u00a01\/4&quot;\u012epresuoti 3\/8 antgaliukai:\u00a03\/16&quot; ,\u00a07\/32&quot; ,\u00a01\/4&quot; ,\u00a05\/16&quot; ,\u00a03\/8&quot;\u012epresuoti 1\/2 antgaliukai:\u00a05\/16&quot; ,\u00a03\/8&quot; ,\u00a07\/16&quot; ,\u00a01\/2&quot; ,\u00a09\/16&quot;,\u00a05\/8&quot;Kombinuoti raktai:\u00a01\/4&quot; ,\u00a05\/16&quot; ,\u00a03\/8&quot; ,\u00a07\/16&quot; ,\u00a01\/2&quot; ,\u00a09\/16&quot; ,\u00a05\/8&quot; ,\u00a011\/16&quot; ,\u00a03\/4&quot;L-formos lenkti HEX:\u00a01\/16, 5\/64, 3\/32, 1\/8, 5\/32, 3\/16, 1\/4, 5\/16, 3\/8&quot;<\/p>","protected":false},"excerpt":{"rendered":"<p>Colini\u0173 1\/4+3\/8+1\/2 \u012franki\u0173 komplektas profi (Xcess Performance)<\/p>","protected":false},"featured_media":236752,"comment_status":"open","ping_status":"open","template":"","meta":[],"product_cat":[9975],"product_tag":[9462],"class_list":{"0":"post-236750","1":"product","2":"type-product","3":"status-publish","4":"has-post-thumbnail","6":"product_brand-condor-werkzeug-vokietija","7":"product_cat-coliniai-irankiai-raktai-galvutes-komplektai","8":"product_tag-condor-werkzeug-vokietija","10":"first","11":"instock","12":"purchasable","13":"product-type-simple"},"jetpack_sharing_enabled":true,"_links":{"self":[{"href":"https:\/\/irankiuzona.lt\/ru\/wp-json\/wp\/v2\/product\/236750","targetHints":{"allow":["GET"]}}],"collection":[{"href":"https:\/\/irankiuzona.lt\/ru\/wp-json\/wp\/v2\/product"}],"about":[{"href":"https:\/\/irankiuzona.lt\/ru\/wp-json\/wp\/v2\/types\/product"}],"replies":[{"embeddable":true,"href":"https:\/\/irankiuzona.lt\/ru\/wp-json\/wp\/v2\/comments?post=236750"}],"version-history":[{"count":1,"href":"https:\/\/irankiuzona.lt\/ru\/wp-json\/wp\/v2\/product\/236750\/revisions"}],"predecessor-version":[{"id":413825,"href":"https:\/\/irankiuzona.lt\/ru\/wp-json\/wp\/v2\/product\/236750\/revisions\/413825"}],"wp:featuredmedia":[{"embeddable":true,"href":"https:\/\/irankiuzona.lt\/ru\/wp-json\/wp\/v2\/media\/236752"}],"wp:attachment":[{"href":"https:\/\/irankiuzona.lt\/ru\/wp-json\/wp\/v2\/media?parent=236750"}],"wp:term":[{"taxonomy":"product_cat","embeddable":true,"href":"https:\/\/irankiuzona.lt\/ru\/wp-json\/wp\/v2\/product_cat?post=236750"},{"taxonomy":"product_tag","embeddable":true,"href":"https:\/\/irankiuzona.lt\/ru\/wp-json\/wp\/v2\/product_tag?post=236750"}],"curies":[{"name":"wp","href":"https:\/\/api.w.org\/{rel}","templated":true}]}}