{"id":236753,"date":"2024-09-29T04:50:28","date_gmt":"2024-09-29T04:50:28","guid":{"rendered":"https:\/\/irankiuzona.lt\/product\/pompa-tepalams-alyvai-12v\/"},"modified":"2026-04-13T09:22:32","modified_gmt":"2026-04-13T09:22:32","slug":"pompa-tepalams-alyvai-12v","status":"publish","type":"product","link":"https:\/\/irankiuzona.lt\/ru\/product\/pompa-tepalams-alyvai-12v\/","title":{"rendered":"Pompa tepalams, alyvai 12V"},"content":{"rendered":"<p>NETINKA kurui, stabd\u017ei\u0173 skys\u010diui!!<\/p>\n<p>for pumping out engine oil through dipstick opening<br \/>\nsuction tube with \u00f8 6 mm<br \/>\nwith crocodile clamps to connect to 12 V car battery for power supply<br \/>\nmax. flow rate for enigne oil: approx. 0.2 L\/min (with 40\u00b0 C oil temperature)<br \/>\nalso suitable for heating oil, max. flow rate: approx. 70 L\/h<br \/>\nmax suction height: 70 cm<\/p>","protected":false},"excerpt":{"rendered":"<p>Pompa tepalams, alyvai 12V<\/p>","protected":false},"featured_media":236755,"comment_status":"open","ping_status":"open","template":"","meta":[],"product_cat":[9787],"product_tag":[9462],"class_list":{"0":"post-236753","1":"product","2":"type-product","3":"status-publish","4":"has-post-thumbnail","6":"product_brand-condor-werkzeug-vokietija","7":"product_cat-tepalo-isleidimui","8":"product_tag-condor-werkzeug-vokietija","10":"first","11":"instock","12":"purchasable","13":"product-type-simple"},"jetpack_sharing_enabled":true,"_links":{"self":[{"href":"https:\/\/irankiuzona.lt\/ru\/wp-json\/wp\/v2\/product\/236753","targetHints":{"allow":["GET"]}}],"collection":[{"href":"https:\/\/irankiuzona.lt\/ru\/wp-json\/wp\/v2\/product"}],"about":[{"href":"https:\/\/irankiuzona.lt\/ru\/wp-json\/wp\/v2\/types\/product"}],"replies":[{"embeddable":true,"href":"https:\/\/irankiuzona.lt\/ru\/wp-json\/wp\/v2\/comments?post=236753"}],"version-history":[{"count":1,"href":"https:\/\/irankiuzona.lt\/ru\/wp-json\/wp\/v2\/product\/236753\/revisions"}],"predecessor-version":[{"id":413826,"href":"https:\/\/irankiuzona.lt\/ru\/wp-json\/wp\/v2\/product\/236753\/revisions\/413826"}],"wp:featuredmedia":[{"embeddable":true,"href":"https:\/\/irankiuzona.lt\/ru\/wp-json\/wp\/v2\/media\/236755"}],"wp:attachment":[{"href":"https:\/\/irankiuzona.lt\/ru\/wp-json\/wp\/v2\/media?parent=236753"}],"wp:term":[{"taxonomy":"product_cat","embeddable":true,"href":"https:\/\/irankiuzona.lt\/ru\/wp-json\/wp\/v2\/product_cat?post=236753"},{"taxonomy":"product_tag","embeddable":true,"href":"https:\/\/irankiuzona.lt\/ru\/wp-json\/wp\/v2\/product_tag?post=236753"}],"curies":[{"name":"wp","href":"https:\/\/api.w.org\/{rel}","templated":true}]}}