{"id":236771,"date":"2024-09-29T04:50:30","date_gmt":"2024-09-29T04:50:30","guid":{"rendered":"https:\/\/irankiuzona.lt\/product\/reples-soninio-kandimo-znyples-200mm-profi\/"},"modified":"2026-04-04T18:55:38","modified_gmt":"2026-04-04T18:55:38","slug":"reples-soninio-kandimo-znyples-200mm-profi","status":"publish","type":"product","link":"https:\/\/irankiuzona.lt\/ru\/product\/reples-soninio-kandimo-znyples-200mm-profi\/","title":{"rendered":"Repl\u0117s \u0161oninio kandimo, \u017enypl\u0117s 200mm \/ profi"},"content":{"rendered":"<p>XcessPerformance<\/p>\n<p>inductive hardened blades for maximum performance<br \/>\nprecision blades, for e.g. piano wire, rivets, nails<br \/>\nlever power transmission reduces effort by up to 50%<br \/>\ncapacity:<br \/>\npiano wire &#8211; 2300 N\/mm\u00b2 &#8211; max. \u00f8 3 mmhard wire &#8211; 1800 N\/mm\u00b2 &#8211; max. \u00f8 3.5 mmsemi-hard wire &#8211; 750 N\/mm &#8211;\u00a0max. \u00f8 4.5 mm<br \/>\ntitan-finish<br \/>\nmanufactured in Germany<\/p>","protected":false},"excerpt":{"rendered":"<p>Repl\u0117s \u0161oninio kandimo, \u017enypl\u0117s 200mm \/ Xcess<\/p>","protected":false},"featured_media":236773,"comment_status":"open","ping_status":"open","template":"","meta":[],"product_cat":[9661],"product_tag":[9462],"class_list":{"0":"post-236771","1":"product","2":"type-product","3":"status-publish","4":"has-post-thumbnail","6":"product_brand-condor-werkzeug-vokietija","7":"product_cat-reples-soninio-kandimo-znyples-trosui","8":"product_tag-condor-werkzeug-vokietija","10":"first","11":"instock","12":"purchasable","13":"product-type-simple"},"jetpack_sharing_enabled":true,"_links":{"self":[{"href":"https:\/\/irankiuzona.lt\/ru\/wp-json\/wp\/v2\/product\/236771","targetHints":{"allow":["GET"]}}],"collection":[{"href":"https:\/\/irankiuzona.lt\/ru\/wp-json\/wp\/v2\/product"}],"about":[{"href":"https:\/\/irankiuzona.lt\/ru\/wp-json\/wp\/v2\/types\/product"}],"replies":[{"embeddable":true,"href":"https:\/\/irankiuzona.lt\/ru\/wp-json\/wp\/v2\/comments?post=236771"}],"version-history":[{"count":0,"href":"https:\/\/irankiuzona.lt\/ru\/wp-json\/wp\/v2\/product\/236771\/revisions"}],"wp:featuredmedia":[{"embeddable":true,"href":"https:\/\/irankiuzona.lt\/ru\/wp-json\/wp\/v2\/media\/236773"}],"wp:attachment":[{"href":"https:\/\/irankiuzona.lt\/ru\/wp-json\/wp\/v2\/media?parent=236771"}],"wp:term":[{"taxonomy":"product_cat","embeddable":true,"href":"https:\/\/irankiuzona.lt\/ru\/wp-json\/wp\/v2\/product_cat?post=236771"},{"taxonomy":"product_tag","embeddable":true,"href":"https:\/\/irankiuzona.lt\/ru\/wp-json\/wp\/v2\/product_tag?post=236771"}],"curies":[{"name":"wp","href":"https:\/\/api.w.org\/{rel}","templated":true}]}}