{"id":236805,"date":"2024-09-29T04:50:34","date_gmt":"2024-09-29T04:50:34","guid":{"rendered":"https:\/\/irankiuzona.lt\/product\/spyruokliu-suspaudejai-2-290-mm\/"},"modified":"2026-05-14T16:54:44","modified_gmt":"2026-05-14T16:54:44","slug":"spyruokliu-suspaudejai-2-290-mm","status":"publish","type":"product","link":"https:\/\/irankiuzona.lt\/ru\/product\/spyruokliu-suspaudejai-2-290-mm\/","title":{"rendered":"Spyruokli\u0173 suspaud\u0117jai *2 \/ 290 mm"},"content":{"rendered":"<p>Kabliai i\u0161 abiej\u0173 pusi\u0173.<\/p>","protected":false},"excerpt":{"rendered":"<p>Spyruokli\u0173 suspaud\u0117jai *2 \/ 290 mm<\/p>","protected":false},"featured_media":236807,"comment_status":"open","ping_status":"open","template":"","meta":[],"product_cat":[9723],"product_tag":[9898],"class_list":{"0":"post-236805","1":"product","2":"type-product","3":"status-publish","4":"has-post-thumbnail","6":"product_brand-avtodelo","7":"product_cat-spyruokliu-suspaudimo-irankiai","8":"product_tag-avtodelo","10":"first","11":"outofstock","12":"purchasable","13":"product-type-simple"},"jetpack_sharing_enabled":true,"_links":{"self":[{"href":"https:\/\/irankiuzona.lt\/ru\/wp-json\/wp\/v2\/product\/236805","targetHints":{"allow":["GET"]}}],"collection":[{"href":"https:\/\/irankiuzona.lt\/ru\/wp-json\/wp\/v2\/product"}],"about":[{"href":"https:\/\/irankiuzona.lt\/ru\/wp-json\/wp\/v2\/types\/product"}],"replies":[{"embeddable":true,"href":"https:\/\/irankiuzona.lt\/ru\/wp-json\/wp\/v2\/comments?post=236805"}],"version-history":[{"count":1,"href":"https:\/\/irankiuzona.lt\/ru\/wp-json\/wp\/v2\/product\/236805\/revisions"}],"predecessor-version":[{"id":413843,"href":"https:\/\/irankiuzona.lt\/ru\/wp-json\/wp\/v2\/product\/236805\/revisions\/413843"}],"wp:featuredmedia":[{"embeddable":true,"href":"https:\/\/irankiuzona.lt\/ru\/wp-json\/wp\/v2\/media\/236807"}],"wp:attachment":[{"href":"https:\/\/irankiuzona.lt\/ru\/wp-json\/wp\/v2\/media?parent=236805"}],"wp:term":[{"taxonomy":"product_cat","embeddable":true,"href":"https:\/\/irankiuzona.lt\/ru\/wp-json\/wp\/v2\/product_cat?post=236805"},{"taxonomy":"product_tag","embeddable":true,"href":"https:\/\/irankiuzona.lt\/ru\/wp-json\/wp\/v2\/product_tag?post=236805"}],"curies":[{"name":"wp","href":"https:\/\/api.w.org\/{rel}","templated":true}]}}