{"id":236844,"date":"2024-09-29T04:50:38","date_gmt":"2024-09-29T04:50:38","guid":{"rendered":"https:\/\/irankiuzona.lt\/product\/freza-pirstukine-medziui-145011012-mm\/"},"modified":"2026-04-22T15:57:50","modified_gmt":"2026-04-22T15:57:50","slug":"freza-pirstukine-medziui-145011012-mm","status":"publish","type":"product","link":"https:\/\/irankiuzona.lt\/ru\/product\/freza-pirstukine-medziui-145011012-mm\/","title":{"rendered":"Freza pir\u0161tukin\u0117 med\u017eiui 14*50*110*12 mm"},"content":{"rendered":"<p>Kotelio skersmuo 12 mm<br \/>\nFrezos skersmuo 14 mm<br \/>\nFrezos darbinis ilgis 50 mm<br \/>\nFrezos bendras ilgis 110 mm<\/p>\n<p>2 flutes with front cut.For jointing groove, tongue and work into the wood.<\/p>","protected":false},"excerpt":{"rendered":"<p>Med\u017eio pir\u0161tukin\u0117 freza\u00a014*50*110*12 mm<\/p>","protected":false},"featured_media":236846,"comment_status":"open","ping_status":"open","template":"","meta":[],"product_cat":[9458],"product_tag":[9478],"class_list":{"0":"post-236844","1":"product","2":"type-product","3":"status-publish","4":"has-post-thumbnail","6":"product_brand-leman-prancuzija","7":"product_cat-medzio-frezos","8":"product_tag-leman-prancuzija","10":"first","11":"instock","12":"purchasable","13":"product-type-simple"},"jetpack_sharing_enabled":true,"_links":{"self":[{"href":"https:\/\/irankiuzona.lt\/ru\/wp-json\/wp\/v2\/product\/236844","targetHints":{"allow":["GET"]}}],"collection":[{"href":"https:\/\/irankiuzona.lt\/ru\/wp-json\/wp\/v2\/product"}],"about":[{"href":"https:\/\/irankiuzona.lt\/ru\/wp-json\/wp\/v2\/types\/product"}],"replies":[{"embeddable":true,"href":"https:\/\/irankiuzona.lt\/ru\/wp-json\/wp\/v2\/comments?post=236844"}],"version-history":[{"count":1,"href":"https:\/\/irankiuzona.lt\/ru\/wp-json\/wp\/v2\/product\/236844\/revisions"}],"predecessor-version":[{"id":413855,"href":"https:\/\/irankiuzona.lt\/ru\/wp-json\/wp\/v2\/product\/236844\/revisions\/413855"}],"wp:featuredmedia":[{"embeddable":true,"href":"https:\/\/irankiuzona.lt\/ru\/wp-json\/wp\/v2\/media\/236846"}],"wp:attachment":[{"href":"https:\/\/irankiuzona.lt\/ru\/wp-json\/wp\/v2\/media?parent=236844"}],"wp:term":[{"taxonomy":"product_cat","embeddable":true,"href":"https:\/\/irankiuzona.lt\/ru\/wp-json\/wp\/v2\/product_cat?post=236844"},{"taxonomy":"product_tag","embeddable":true,"href":"https:\/\/irankiuzona.lt\/ru\/wp-json\/wp\/v2\/product_tag?post=236844"}],"curies":[{"name":"wp","href":"https:\/\/api.w.org\/{rel}","templated":true}]}}