{"id":236853,"date":"2024-09-29T04:50:39","date_gmt":"2024-09-29T04:50:39","guid":{"rendered":"https:\/\/irankiuzona.lt\/product\/freza-pirstukine-medziui-205011012-mm\/"},"modified":"2026-04-20T18:56:35","modified_gmt":"2026-04-20T18:56:35","slug":"freza-pirstukine-medziui-205011012-mm","status":"publish","type":"product","link":"https:\/\/irankiuzona.lt\/ru\/product\/freza-pirstukine-medziui-205011012-mm\/","title":{"rendered":"Freza pir\u0161tukin\u0117 med\u017eiui 20*50*110*12 mm"},"content":{"rendered":"<p>Kotelio skersmuo 12 mm<br \/>\nFrezos skersmuo 20 mm<br \/>\nFrezos darbinis ilgis 50 mm<br \/>\nFrezos bendras ilgis 110 mm<\/p>\n<p>2 flutes with front cut. For jointing groove, tongue and work into the wood.<\/p>","protected":false},"excerpt":{"rendered":"<p>Med\u017eio pir\u0161tukin\u0117 freza\u00a020*50*110*12 mm<\/p>","protected":false},"featured_media":236855,"comment_status":"open","ping_status":"open","template":"","meta":[],"product_cat":[9458],"product_tag":[9478],"class_list":{"0":"post-236853","1":"product","2":"type-product","3":"status-publish","4":"has-post-thumbnail","6":"product_brand-leman-prancuzija","7":"product_cat-medzio-frezos","8":"product_tag-leman-prancuzija","10":"first","11":"instock","12":"purchasable","13":"product-type-simple"},"jetpack_sharing_enabled":true,"_links":{"self":[{"href":"https:\/\/irankiuzona.lt\/ru\/wp-json\/wp\/v2\/product\/236853","targetHints":{"allow":["GET"]}}],"collection":[{"href":"https:\/\/irankiuzona.lt\/ru\/wp-json\/wp\/v2\/product"}],"about":[{"href":"https:\/\/irankiuzona.lt\/ru\/wp-json\/wp\/v2\/types\/product"}],"replies":[{"embeddable":true,"href":"https:\/\/irankiuzona.lt\/ru\/wp-json\/wp\/v2\/comments?post=236853"}],"version-history":[{"count":1,"href":"https:\/\/irankiuzona.lt\/ru\/wp-json\/wp\/v2\/product\/236853\/revisions"}],"predecessor-version":[{"id":413858,"href":"https:\/\/irankiuzona.lt\/ru\/wp-json\/wp\/v2\/product\/236853\/revisions\/413858"}],"wp:featuredmedia":[{"embeddable":true,"href":"https:\/\/irankiuzona.lt\/ru\/wp-json\/wp\/v2\/media\/236855"}],"wp:attachment":[{"href":"https:\/\/irankiuzona.lt\/ru\/wp-json\/wp\/v2\/media?parent=236853"}],"wp:term":[{"taxonomy":"product_cat","embeddable":true,"href":"https:\/\/irankiuzona.lt\/ru\/wp-json\/wp\/v2\/product_cat?post=236853"},{"taxonomy":"product_tag","embeddable":true,"href":"https:\/\/irankiuzona.lt\/ru\/wp-json\/wp\/v2\/product_tag?post=236853"}],"curies":[{"name":"wp","href":"https:\/\/api.w.org\/{rel}","templated":true}]}}