{"id":236987,"date":"2024-09-29T04:50:52","date_gmt":"2024-09-29T04:50:52","guid":{"rendered":"https:\/\/irankiuzona.lt\/product\/kalama-galvute-b-didesne-slapukams\/"},"modified":"2026-04-13T00:45:18","modified_gmt":"2026-04-13T00:45:18","slug":"kalama-galvute-b-didesne-slapukams","status":"publish","type":"product","link":"https:\/\/irankiuzona.lt\/ru\/product\/kalama-galvute-b-didesne-slapukams\/","title":{"rendered":"Kalama galvut\u0117 &quot;B&quot; didesn\u0117 slapukams"},"content":{"rendered":"<p>Atsargin\u0117 dalis i\u0161 komplekto TR4337<\/p>","protected":false},"excerpt":{"rendered":"<p>Kalama galvut\u0117 &quot;B&quot; didesn\u0117 slapukams<\/p>","protected":false},"featured_media":236989,"comment_status":"open","ping_status":"open","template":"","meta":[],"product_cat":[9797],"product_tag":[9778],"class_list":{"0":"post-236987","1":"product","2":"type-product","3":"status-publish","4":"has-post-thumbnail","6":"product_brand-triumf-professional-tools-slovakija","7":"product_cat-irankiai-ratu-slapukams-atsukti","8":"product_tag-triumf-professional-tools-slovakija","10":"first","11":"instock","12":"purchasable","13":"product-type-simple"},"jetpack_sharing_enabled":true,"_links":{"self":[{"href":"https:\/\/irankiuzona.lt\/ru\/wp-json\/wp\/v2\/product\/236987","targetHints":{"allow":["GET"]}}],"collection":[{"href":"https:\/\/irankiuzona.lt\/ru\/wp-json\/wp\/v2\/product"}],"about":[{"href":"https:\/\/irankiuzona.lt\/ru\/wp-json\/wp\/v2\/types\/product"}],"replies":[{"embeddable":true,"href":"https:\/\/irankiuzona.lt\/ru\/wp-json\/wp\/v2\/comments?post=236987"}],"version-history":[{"count":1,"href":"https:\/\/irankiuzona.lt\/ru\/wp-json\/wp\/v2\/product\/236987\/revisions"}],"predecessor-version":[{"id":413903,"href":"https:\/\/irankiuzona.lt\/ru\/wp-json\/wp\/v2\/product\/236987\/revisions\/413903"}],"wp:featuredmedia":[{"embeddable":true,"href":"https:\/\/irankiuzona.lt\/ru\/wp-json\/wp\/v2\/media\/236989"}],"wp:attachment":[{"href":"https:\/\/irankiuzona.lt\/ru\/wp-json\/wp\/v2\/media?parent=236987"}],"wp:term":[{"taxonomy":"product_cat","embeddable":true,"href":"https:\/\/irankiuzona.lt\/ru\/wp-json\/wp\/v2\/product_cat?post=236987"},{"taxonomy":"product_tag","embeddable":true,"href":"https:\/\/irankiuzona.lt\/ru\/wp-json\/wp\/v2\/product_tag?post=236987"}],"curies":[{"name":"wp","href":"https:\/\/api.w.org\/{rel}","templated":true}]}}