{"id":236993,"date":"2024-09-29T04:50:53","date_gmt":"2024-09-29T04:50:53","guid":{"rendered":"https:\/\/irankiuzona.lt\/product\/kalama-galvute-a-mazesne-slapukams\/"},"modified":"2026-05-16T00:20:30","modified_gmt":"2026-05-16T00:20:30","slug":"kalama-galvute-a-mazesne-slapukams","status":"publish","type":"product","link":"https:\/\/irankiuzona.lt\/ru\/product\/kalama-galvute-a-mazesne-slapukams\/","title":{"rendered":"Kalama galvut\u0117 A &quot;ma\u017eesn\u0117&quot; slapukams"},"content":{"rendered":"<p>Atsargin\u0117 dalis i\u0161 komplekto TR4337<\/p>","protected":false},"excerpt":{"rendered":"<p>Kalama galvut\u0117 A &quot;ma\u017eesn\u0117&quot; slapukams<\/p>","protected":false},"featured_media":236995,"comment_status":"open","ping_status":"open","template":"","meta":[],"product_cat":[9797],"product_tag":[9778],"class_list":{"0":"post-236993","1":"product","2":"type-product","3":"status-publish","4":"has-post-thumbnail","6":"product_brand-triumf-professional-tools-slovakija","7":"product_cat-irankiai-ratu-slapukams-atsukti","8":"product_tag-triumf-professional-tools-slovakija","10":"first","11":"instock","12":"purchasable","13":"product-type-simple"},"jetpack_sharing_enabled":true,"_links":{"self":[{"href":"https:\/\/irankiuzona.lt\/ru\/wp-json\/wp\/v2\/product\/236993","targetHints":{"allow":["GET"]}}],"collection":[{"href":"https:\/\/irankiuzona.lt\/ru\/wp-json\/wp\/v2\/product"}],"about":[{"href":"https:\/\/irankiuzona.lt\/ru\/wp-json\/wp\/v2\/types\/product"}],"replies":[{"embeddable":true,"href":"https:\/\/irankiuzona.lt\/ru\/wp-json\/wp\/v2\/comments?post=236993"}],"version-history":[{"count":1,"href":"https:\/\/irankiuzona.lt\/ru\/wp-json\/wp\/v2\/product\/236993\/revisions"}],"predecessor-version":[{"id":413905,"href":"https:\/\/irankiuzona.lt\/ru\/wp-json\/wp\/v2\/product\/236993\/revisions\/413905"}],"wp:featuredmedia":[{"embeddable":true,"href":"https:\/\/irankiuzona.lt\/ru\/wp-json\/wp\/v2\/media\/236995"}],"wp:attachment":[{"href":"https:\/\/irankiuzona.lt\/ru\/wp-json\/wp\/v2\/media?parent=236993"}],"wp:term":[{"taxonomy":"product_cat","embeddable":true,"href":"https:\/\/irankiuzona.lt\/ru\/wp-json\/wp\/v2\/product_cat?post=236993"},{"taxonomy":"product_tag","embeddable":true,"href":"https:\/\/irankiuzona.lt\/ru\/wp-json\/wp\/v2\/product_tag?post=236993"}],"curies":[{"name":"wp","href":"https:\/\/api.w.org\/{rel}","templated":true}]}}