{"id":237181,"date":"2024-09-29T05:00:15","date_gmt":"2024-09-29T05:00:15","guid":{"rendered":"https:\/\/irankiuzona.lt\/product\/terksle-1-4-cr-mo-72-dantu\/"},"modified":"2026-04-13T22:13:19","modified_gmt":"2026-04-13T22:13:19","slug":"terksle-1-4-cr-mo-72-dantu","status":"publish","type":"product","link":"https:\/\/irankiuzona.lt\/ru\/product\/terksle-1-4-cr-mo-72-dantu\/","title":{"rendered":"Terk\u0161l\u0117 1\/4&quot; Cr-Mo  72 dant\u0173"},"content":{"rendered":"<p>1\/4&quot; terk\u0161l\u0117, 72dant\u0173 mechanizmas.<\/p>","protected":false},"excerpt":{"rendered":"<p>Terk\u0161l\u0117 1\/4&quot; Cr-Mo\u00a0 72 dant\u0173<\/p>","protected":false},"featured_media":237183,"comment_status":"open","ping_status":"open","template":"","meta":[],"product_cat":[9507],"product_tag":[9969],"class_list":{"0":"post-237181","1":"product","2":"type-product","3":"status-publish","4":"has-post-thumbnail","6":"product_brand-hogert-technik-vokietija","7":"product_cat-terksles-galvutems","8":"product_tag-hogert-technik-vokietija","10":"first","11":"instock","12":"purchasable","13":"product-type-simple"},"jetpack_sharing_enabled":true,"_links":{"self":[{"href":"https:\/\/irankiuzona.lt\/ru\/wp-json\/wp\/v2\/product\/237181","targetHints":{"allow":["GET"]}}],"collection":[{"href":"https:\/\/irankiuzona.lt\/ru\/wp-json\/wp\/v2\/product"}],"about":[{"href":"https:\/\/irankiuzona.lt\/ru\/wp-json\/wp\/v2\/types\/product"}],"replies":[{"embeddable":true,"href":"https:\/\/irankiuzona.lt\/ru\/wp-json\/wp\/v2\/comments?post=237181"}],"version-history":[{"count":1,"href":"https:\/\/irankiuzona.lt\/ru\/wp-json\/wp\/v2\/product\/237181\/revisions"}],"predecessor-version":[{"id":413966,"href":"https:\/\/irankiuzona.lt\/ru\/wp-json\/wp\/v2\/product\/237181\/revisions\/413966"}],"wp:featuredmedia":[{"embeddable":true,"href":"https:\/\/irankiuzona.lt\/ru\/wp-json\/wp\/v2\/media\/237183"}],"wp:attachment":[{"href":"https:\/\/irankiuzona.lt\/ru\/wp-json\/wp\/v2\/media?parent=237181"}],"wp:term":[{"taxonomy":"product_cat","embeddable":true,"href":"https:\/\/irankiuzona.lt\/ru\/wp-json\/wp\/v2\/product_cat?post=237181"},{"taxonomy":"product_tag","embeddable":true,"href":"https:\/\/irankiuzona.lt\/ru\/wp-json\/wp\/v2\/product_tag?post=237181"}],"curies":[{"name":"wp","href":"https:\/\/api.w.org\/{rel}","templated":true}]}}