{"id":237199,"date":"2024-09-29T05:00:17","date_gmt":"2024-09-29T05:00:17","guid":{"rendered":"https:\/\/irankiuzona.lt\/product\/lenktu-l-formos-sesiakampiu-komplektas-hex-h15-h10-hoegert-ht1w805\/"},"modified":"2026-05-16T21:15:53","modified_gmt":"2026-05-16T21:15:53","slug":"lenktu-l-formos-sesiakampiu-komplektas-hex-h15-h10-hoegert-ht1w805","status":"publish","type":"product","link":"https:\/\/irankiuzona.lt\/ru\/product\/lenktu-l-formos-sesiakampiu-komplektas-hex-h15-h10-hoegert-ht1w805\/","title":{"rendered":"Lenkt\u0173 L-formos \u0161e\u0161iakampi\u0173 komplektas HEX H1,5-H10 HOEGERT HT1W805"},"content":{"rendered":"<p>\u201eHoegert Technik\u201c yra modernus ir dinami\u0161kai besivystantis profesionali\u0173 rankini\u0173 \u012franki\u0173 gamintojas. M\u016bs\u0173 produktai buvo sukurti intensyviam naudojimui ypatingai reikliems klientams. Hoegert Technik &#8211; patikimumas ir ilgaam\u017ei\u0161kumas. Techninis apra\u0161ymas: \u0160e\u0161iakampi\u0173 ver\u017eliarak\u010di\u0173, apsukt\u0173 aplink a\u0161\u012f, kas 45 % padidina j\u0173 maksimal\u0173 sukimo moment\u0105, komplektas. Technin\u0117 charakteristika: &#8211; pagamintas i\u0161 S2 plieno lydinio; &#8211; atsparus greitai deformacijai ir nusid\u0117v\u0117jimui; &#8211; plastikin\u0117je pakuot\u0117je su skyreliais, ant kuri\u0173 nurodyti matmenys.<\/p>","protected":false},"excerpt":{"rendered":"<p>\u201eHoegert Technik\u201c yra modernus ir dinami\u0161kai besivystantis profesionali\u0173 rankini\u0173 \u012franki\u0173 gamintojas. M\u016bs\u0173 produktai buvo sukurti intensyviam naudojimui ypatingai reikliems klientams. Hoegert Technik &#8211; patikimumas ir ilgaam\u017ei\u0161kumas. Techninis apra\u0161ymas: \u0160e\u0161iakampi\u0173 ver\u017eliarak\u010di\u0173,<\/p>","protected":false},"featured_media":237201,"comment_status":"open","ping_status":"open","template":"","meta":[],"product_cat":[9560],"product_tag":[9969],"class_list":{"0":"post-237199","1":"product","2":"type-product","3":"status-publish","4":"has-post-thumbnail","6":"product_brand-hogert-technik-vokietija","7":"product_cat-l-formos-torx-ir-hex-raktu-komplektai","8":"product_tag-hogert-technik-vokietija","10":"first","11":"outofstock","12":"purchasable","13":"product-type-simple"},"jetpack_sharing_enabled":true,"_links":{"self":[{"href":"https:\/\/irankiuzona.lt\/ru\/wp-json\/wp\/v2\/product\/237199","targetHints":{"allow":["GET"]}}],"collection":[{"href":"https:\/\/irankiuzona.lt\/ru\/wp-json\/wp\/v2\/product"}],"about":[{"href":"https:\/\/irankiuzona.lt\/ru\/wp-json\/wp\/v2\/types\/product"}],"replies":[{"embeddable":true,"href":"https:\/\/irankiuzona.lt\/ru\/wp-json\/wp\/v2\/comments?post=237199"}],"version-history":[{"count":1,"href":"https:\/\/irankiuzona.lt\/ru\/wp-json\/wp\/v2\/product\/237199\/revisions"}],"predecessor-version":[{"id":413972,"href":"https:\/\/irankiuzona.lt\/ru\/wp-json\/wp\/v2\/product\/237199\/revisions\/413972"}],"wp:featuredmedia":[{"embeddable":true,"href":"https:\/\/irankiuzona.lt\/ru\/wp-json\/wp\/v2\/media\/237201"}],"wp:attachment":[{"href":"https:\/\/irankiuzona.lt\/ru\/wp-json\/wp\/v2\/media?parent=237199"}],"wp:term":[{"taxonomy":"product_cat","embeddable":true,"href":"https:\/\/irankiuzona.lt\/ru\/wp-json\/wp\/v2\/product_cat?post=237199"},{"taxonomy":"product_tag","embeddable":true,"href":"https:\/\/irankiuzona.lt\/ru\/wp-json\/wp\/v2\/product_tag?post=237199"}],"curies":[{"name":"wp","href":"https:\/\/api.w.org\/{rel}","templated":true}]}}