{"id":237258,"date":"2024-09-29T05:00:23","date_gmt":"2024-09-29T05:00:23","guid":{"rendered":"https:\/\/irankiuzona.lt\/product\/stogdengio-plaktukas-600g-stiklo-pluosto-rankena-hoegert-ht3b030\/"},"modified":"2026-04-10T12:57:46","modified_gmt":"2026-04-10T12:57:46","slug":"stogdengio-plaktukas-600g-stiklo-pluosto-rankena-hoegert-ht3b030","status":"publish","type":"product","link":"https:\/\/irankiuzona.lt\/ru\/product\/stogdengio-plaktukas-600g-stiklo-pluosto-rankena-hoegert-ht3b030\/","title":{"rendered":"Stogdengio plaktukas 600g stiklo pluo\u0161to rankena   HOEGERT HT3B030"},"content":{"rendered":"<p>\u201eHoegert Technik\u201c yra modernus ir dinami\u0161kai besivystantis profesionali\u0173 rankini\u0173 \u012franki\u0173 gamintojas. M\u016bs\u0173 produktai buvo sukurti intensyviam naudojimui ypatingai reikliems klientams. Hoegert Technik &#8211; patikimumas ir ilgaam\u017ei\u0161kumas. Techninis apra\u0161ymas: Plaktukas su stiklo pluo\u0161to rankena, skirtas remonto ir statybos darbams. Technin\u0117 charakteristika: &#8211; griovelis su magnetu viniai \u012fstatyti; &#8211; \u0161tampavimo b\u016bdu pagaminta gr\u016bdinta smogiamoji dalis, kurios kietumas yra 50\u201358 HRC; &#8211; ergonomi\u0161ka dvikomponent\u0117 rankena su specialiu profiliuotu neslystan\u010diu pavir\u0161iumi.<\/p>","protected":false},"excerpt":{"rendered":"<p>Stogdengio plaktukas 600g stiklo pluo\u0161to rankena<\/p>","protected":false},"featured_media":237260,"comment_status":"open","ping_status":"open","template":"","meta":[],"product_cat":[9817],"product_tag":[9969],"class_list":{"0":"post-237258","1":"product","2":"type-product","3":"status-publish","4":"has-post-thumbnail","6":"product_brand-hogert-technik-vokietija","7":"product_cat-stogdengio-plaktukai","8":"product_tag-hogert-technik-vokietija","10":"first","11":"instock","12":"purchasable","13":"product-type-simple"},"jetpack_sharing_enabled":true,"_links":{"self":[{"href":"https:\/\/irankiuzona.lt\/ru\/wp-json\/wp\/v2\/product\/237258","targetHints":{"allow":["GET"]}}],"collection":[{"href":"https:\/\/irankiuzona.lt\/ru\/wp-json\/wp\/v2\/product"}],"about":[{"href":"https:\/\/irankiuzona.lt\/ru\/wp-json\/wp\/v2\/types\/product"}],"replies":[{"embeddable":true,"href":"https:\/\/irankiuzona.lt\/ru\/wp-json\/wp\/v2\/comments?post=237258"}],"version-history":[{"count":1,"href":"https:\/\/irankiuzona.lt\/ru\/wp-json\/wp\/v2\/product\/237258\/revisions"}],"predecessor-version":[{"id":413992,"href":"https:\/\/irankiuzona.lt\/ru\/wp-json\/wp\/v2\/product\/237258\/revisions\/413992"}],"wp:featuredmedia":[{"embeddable":true,"href":"https:\/\/irankiuzona.lt\/ru\/wp-json\/wp\/v2\/media\/237260"}],"wp:attachment":[{"href":"https:\/\/irankiuzona.lt\/ru\/wp-json\/wp\/v2\/media?parent=237258"}],"wp:term":[{"taxonomy":"product_cat","embeddable":true,"href":"https:\/\/irankiuzona.lt\/ru\/wp-json\/wp\/v2\/product_cat?post=237258"},{"taxonomy":"product_tag","embeddable":true,"href":"https:\/\/irankiuzona.lt\/ru\/wp-json\/wp\/v2\/product_tag?post=237258"}],"curies":[{"name":"wp","href":"https:\/\/api.w.org\/{rel}","templated":true}]}}