{"id":237264,"date":"2024-09-29T05:00:23","date_gmt":"2024-09-29T05:00:23","guid":{"rendered":"https:\/\/irankiuzona.lt\/product\/kirvis-800g-stiklo-pluosto-rankena-hoegert-ht3b071\/"},"modified":"2026-04-10T10:36:29","modified_gmt":"2026-04-10T10:36:29","slug":"kirvis-800g-stiklo-pluosto-rankena-hoegert-ht3b071","status":"publish","type":"product","link":"https:\/\/irankiuzona.lt\/ru\/product\/kirvis-800g-stiklo-pluosto-rankena-hoegert-ht3b071\/","title":{"rendered":"Kirvis 800g stiklo pluo\u0161to rankena  HOEGERT HT3B071"},"content":{"rendered":"<p>\u201eHoegert Technik\u201c yra modernus ir dinami\u0161kai besivystantis profesionali\u0173 rankini\u0173 \u012franki\u0173 gamintojas. M\u016bs\u0173 produktai buvo sukurti intensyviam naudojimui ypatingai reikliems klientams. Hoegert Technik &#8211; patikimumas ir ilgaam\u017ei\u0161kumas . Techninis apra\u0161ymas: Kirvis su stiklo pluo\u0161to rankena, skirtas medienai kapoti, skaldyti ir kirsti. Skirti profesionaliam naudojimui. Technin\u0117 charakteristika: &#8211; pagaminti \u0161tampavimo b\u016bdu; &#8211; gr\u016bdinto plieno dr\u016btgalys, kietumas 47\u201355 HRC; &#8211; rankena pagaminta i\u0161 HDL stiklo pluo\u0161to; &#8211; ergonomi\u0161ka dvikomponent\u0117 rankenas su specialiu profiliuotu neslystan\u010diu pavir\u0161iumi; &#8211; pagamintas laikantis standarto DIN 5131; &#8211; 165&#215;115 mm, 334 mm.<\/p>","protected":false},"excerpt":{"rendered":"<p>Kirvis 800g stiklo pluo\u0161to rankena<\/p>","protected":false},"featured_media":237266,"comment_status":"open","ping_status":"open","template":"","meta":[],"product_cat":[9457],"product_tag":[9969],"class_list":{"0":"post-237264","1":"product","2":"type-product","3":"status-publish","4":"has-post-thumbnail","6":"product_brand-hogert-technik-vokietija","7":"product_cat-kirviai-kalunai-pleistai","8":"product_tag-hogert-technik-vokietija","10":"first","11":"instock","12":"purchasable","13":"product-type-simple"},"jetpack_sharing_enabled":true,"_links":{"self":[{"href":"https:\/\/irankiuzona.lt\/ru\/wp-json\/wp\/v2\/product\/237264","targetHints":{"allow":["GET"]}}],"collection":[{"href":"https:\/\/irankiuzona.lt\/ru\/wp-json\/wp\/v2\/product"}],"about":[{"href":"https:\/\/irankiuzona.lt\/ru\/wp-json\/wp\/v2\/types\/product"}],"replies":[{"embeddable":true,"href":"https:\/\/irankiuzona.lt\/ru\/wp-json\/wp\/v2\/comments?post=237264"}],"version-history":[{"count":1,"href":"https:\/\/irankiuzona.lt\/ru\/wp-json\/wp\/v2\/product\/237264\/revisions"}],"predecessor-version":[{"id":413994,"href":"https:\/\/irankiuzona.lt\/ru\/wp-json\/wp\/v2\/product\/237264\/revisions\/413994"}],"wp:featuredmedia":[{"embeddable":true,"href":"https:\/\/irankiuzona.lt\/ru\/wp-json\/wp\/v2\/media\/237266"}],"wp:attachment":[{"href":"https:\/\/irankiuzona.lt\/ru\/wp-json\/wp\/v2\/media?parent=237264"}],"wp:term":[{"taxonomy":"product_cat","embeddable":true,"href":"https:\/\/irankiuzona.lt\/ru\/wp-json\/wp\/v2\/product_cat?post=237264"},{"taxonomy":"product_tag","embeddable":true,"href":"https:\/\/irankiuzona.lt\/ru\/wp-json\/wp\/v2\/product_tag?post=237264"}],"curies":[{"name":"wp","href":"https:\/\/api.w.org\/{rel}","templated":true}]}}