{"id":237306,"date":"2024-09-29T05:00:28","date_gmt":"2024-09-29T05:00:28","guid":{"rendered":"https:\/\/irankiuzona.lt\/product\/prailgintuvas-150mm-hex\/"},"modified":"2026-05-10T00:07:29","modified_gmt":"2026-05-10T00:07:29","slug":"prailgintuvas-150mm-hex","status":"publish","type":"product","link":"https:\/\/irankiuzona.lt\/ru\/product\/prailgintuvas-150mm-hex\/","title":{"rendered":"Prailgintuvas 150mm HEX"},"content":{"rendered":"<p>1\/4&quot; \u0161e\u0161iakampi\u0173 gr\u0105\u017et\u0173 prailginimas 150mm,\u00a0pagamintas i\u0161 auk\u0161tos kokyb\u0117s plieno.<\/p>","protected":false},"excerpt":{"rendered":"<p>Prailgintuvas 150mm HEX<\/p>","protected":false},"featured_media":237308,"comment_status":"open","ping_status":"open","template":"","meta":[],"product_cat":[9726],"product_tag":[9969],"class_list":{"0":"post-237306","1":"product","2":"type-product","3":"status-publish","4":"has-post-thumbnail","6":"product_brand-hogert-technik-vokietija","7":"product_cat-prailgintuvai-graztams","8":"product_tag-hogert-technik-vokietija","10":"first","11":"instock","12":"purchasable","13":"product-type-simple"},"jetpack_sharing_enabled":true,"_links":{"self":[{"href":"https:\/\/irankiuzona.lt\/ru\/wp-json\/wp\/v2\/product\/237306","targetHints":{"allow":["GET"]}}],"collection":[{"href":"https:\/\/irankiuzona.lt\/ru\/wp-json\/wp\/v2\/product"}],"about":[{"href":"https:\/\/irankiuzona.lt\/ru\/wp-json\/wp\/v2\/types\/product"}],"replies":[{"embeddable":true,"href":"https:\/\/irankiuzona.lt\/ru\/wp-json\/wp\/v2\/comments?post=237306"}],"version-history":[{"count":1,"href":"https:\/\/irankiuzona.lt\/ru\/wp-json\/wp\/v2\/product\/237306\/revisions"}],"predecessor-version":[{"id":414007,"href":"https:\/\/irankiuzona.lt\/ru\/wp-json\/wp\/v2\/product\/237306\/revisions\/414007"}],"wp:featuredmedia":[{"embeddable":true,"href":"https:\/\/irankiuzona.lt\/ru\/wp-json\/wp\/v2\/media\/237308"}],"wp:attachment":[{"href":"https:\/\/irankiuzona.lt\/ru\/wp-json\/wp\/v2\/media?parent=237306"}],"wp:term":[{"taxonomy":"product_cat","embeddable":true,"href":"https:\/\/irankiuzona.lt\/ru\/wp-json\/wp\/v2\/product_cat?post=237306"},{"taxonomy":"product_tag","embeddable":true,"href":"https:\/\/irankiuzona.lt\/ru\/wp-json\/wp\/v2\/product_tag?post=237306"}],"curies":[{"name":"wp","href":"https:\/\/api.w.org\/{rel}","templated":true}]}}