{"id":237317,"date":"2024-09-29T05:00:29","date_gmt":"2024-09-29T05:00:29","guid":{"rendered":"https:\/\/irankiuzona.lt\/product\/kniediklis-i-greztuva-24-48mm\/"},"modified":"2026-04-12T08:03:43","modified_gmt":"2026-04-12T08:03:43","slug":"kniediklis-i-greztuva-24-48mm","status":"publish","type":"product","link":"https:\/\/irankiuzona.lt\/ru\/product\/kniediklis-i-greztuva-24-48mm\/","title":{"rendered":"Kniediklis \u012f gr\u0119\u017etuv\u0105 (2,4-4,8mm)"},"content":{"rendered":"<p>\u2022 Nozzle Size: 1.8mm,2.2mm,2.8mm,3.2mm Working With Power Drill: 1.5N.m\u00a0\u2022 Lower noise, more efficient,Small size and easy to carry, contrast with the traditional riveter: Hand riveters is laborious and inefficient\u00a0\u2022 Easily convert cordless or corded drills into power rivet nut setters\u00a0\u2022 The rivets do not drop out. Quick release and installation,excellent ergonomics, great strength and great added features\u00a0Package Included1 x Riveting Tool2 x Wrench3 x Nuts<\/p>","protected":false},"excerpt":{"rendered":"<p>Kniediklis \u012f gr\u0119\u017etuv\u0105 (2,4-4,8mm)<\/p>","protected":false},"featured_media":237319,"comment_status":"open","ping_status":"open","template":"","meta":[],"product_cat":[9982],"product_tag":[9435],"class_list":{"0":"post-237317","1":"product","2":"type-product","3":"status-publish","4":"has-post-thumbnail","6":"product_brand-kinija","7":"product_cat-kniedikliai-suktuvui-greztuvui","8":"product_tag-kinija","10":"first","11":"outofstock","12":"purchasable","13":"product-type-simple"},"jetpack_sharing_enabled":true,"_links":{"self":[{"href":"https:\/\/irankiuzona.lt\/ru\/wp-json\/wp\/v2\/product\/237317","targetHints":{"allow":["GET"]}}],"collection":[{"href":"https:\/\/irankiuzona.lt\/ru\/wp-json\/wp\/v2\/product"}],"about":[{"href":"https:\/\/irankiuzona.lt\/ru\/wp-json\/wp\/v2\/types\/product"}],"replies":[{"embeddable":true,"href":"https:\/\/irankiuzona.lt\/ru\/wp-json\/wp\/v2\/comments?post=237317"}],"version-history":[{"count":1,"href":"https:\/\/irankiuzona.lt\/ru\/wp-json\/wp\/v2\/product\/237317\/revisions"}],"predecessor-version":[{"id":414011,"href":"https:\/\/irankiuzona.lt\/ru\/wp-json\/wp\/v2\/product\/237317\/revisions\/414011"}],"wp:featuredmedia":[{"embeddable":true,"href":"https:\/\/irankiuzona.lt\/ru\/wp-json\/wp\/v2\/media\/237319"}],"wp:attachment":[{"href":"https:\/\/irankiuzona.lt\/ru\/wp-json\/wp\/v2\/media?parent=237317"}],"wp:term":[{"taxonomy":"product_cat","embeddable":true,"href":"https:\/\/irankiuzona.lt\/ru\/wp-json\/wp\/v2\/product_cat?post=237317"},{"taxonomy":"product_tag","embeddable":true,"href":"https:\/\/irankiuzona.lt\/ru\/wp-json\/wp\/v2\/product_tag?post=237317"}],"curies":[{"name":"wp","href":"https:\/\/api.w.org\/{rel}","templated":true}]}}