{"id":237366,"date":"2024-09-29T05:00:36","date_gmt":"2024-09-29T05:00:36","guid":{"rendered":"https:\/\/irankiuzona.lt\/product\/elektriko-repliu-uzspaudimui-k-tas-su-ideklu-vezimeliui-7-daliu\/"},"modified":"2026-04-12T05:00:37","modified_gmt":"2026-04-12T05:00:37","slug":"elektriko-repliu-uzspaudimui-k-tas-su-ideklu-vezimeliui-7-daliu","status":"publish","type":"product","link":"https:\/\/irankiuzona.lt\/ru\/product\/elektriko-repliu-uzspaudimui-k-tas-su-ideklu-vezimeliui-7-daliu\/","title":{"rendered":"Elektriko repli\u0173 u\u017espaudimui k-tas su \u012fd\u0117klu ve\u017eim\u0117liui 7 dali\u0173"},"content":{"rendered":"<p>\u00a0\u012ed\u0117klo dydis stal\u010diuje &#8211; 1\/3 (36x185x395 mm)  Komplekte: Repl\u0117s izoliacijai nuimti U\u017espaudimo repl\u0117s su terk\u0161line f-ja ir u\u017eraktu Antgaliai izoliuoties gnybtams \u00f8 0.5-6.0 mm Antgaliai neizoliuotiems gnybtams \u00f8 0.5-10.0 mm Antgaliai atviram u\u017espaudimui \u00f8 0.5-6.0 mm Antgaliai BNC \/ TNC Coaxial Antgaliai galams( &quot;rankov\u0117ms&quot;) \u00d8 6,0 \/ 10,0 \/ 16,0 mm<\/p>","protected":false},"excerpt":{"rendered":"<p>Elektriko repli\u0173 u\u017espaudimui k-tas su \u012fd\u0117klu ve\u017eim\u0117liui 7 dali\u0173<\/p>","protected":false},"featured_media":237368,"comment_status":"open","ping_status":"open","template":"","meta":[],"product_cat":[9870],"product_tag":[9462],"class_list":{"0":"post-237366","1":"product","2":"type-product","3":"status-publish","4":"has-post-thumbnail","6":"product_brand-condor-werkzeug-vokietija","7":"product_cat-deklai-i-vezimus-su-irankiais-ir-tusti","8":"product_tag-condor-werkzeug-vokietija","10":"first","11":"instock","12":"purchasable","13":"product-type-simple"},"jetpack_sharing_enabled":true,"_links":{"self":[{"href":"https:\/\/irankiuzona.lt\/ru\/wp-json\/wp\/v2\/product\/237366","targetHints":{"allow":["GET"]}}],"collection":[{"href":"https:\/\/irankiuzona.lt\/ru\/wp-json\/wp\/v2\/product"}],"about":[{"href":"https:\/\/irankiuzona.lt\/ru\/wp-json\/wp\/v2\/types\/product"}],"replies":[{"embeddable":true,"href":"https:\/\/irankiuzona.lt\/ru\/wp-json\/wp\/v2\/comments?post=237366"}],"version-history":[{"count":1,"href":"https:\/\/irankiuzona.lt\/ru\/wp-json\/wp\/v2\/product\/237366\/revisions"}],"predecessor-version":[{"id":414026,"href":"https:\/\/irankiuzona.lt\/ru\/wp-json\/wp\/v2\/product\/237366\/revisions\/414026"}],"wp:featuredmedia":[{"embeddable":true,"href":"https:\/\/irankiuzona.lt\/ru\/wp-json\/wp\/v2\/media\/237368"}],"wp:attachment":[{"href":"https:\/\/irankiuzona.lt\/ru\/wp-json\/wp\/v2\/media?parent=237366"}],"wp:term":[{"taxonomy":"product_cat","embeddable":true,"href":"https:\/\/irankiuzona.lt\/ru\/wp-json\/wp\/v2\/product_cat?post=237366"},{"taxonomy":"product_tag","embeddable":true,"href":"https:\/\/irankiuzona.lt\/ru\/wp-json\/wp\/v2\/product_tag?post=237366"}],"curies":[{"name":"wp","href":"https:\/\/api.w.org\/{rel}","templated":true}]}}