{"id":237386,"date":"2024-09-29T05:00:38","date_gmt":"2024-09-29T05:00:38","guid":{"rendered":"https:\/\/irankiuzona.lt\/product\/galvute-daugiafunkcine-ilga-3-8-16mm\/"},"modified":"2026-04-15T06:56:01","modified_gmt":"2026-04-15T06:56:01","slug":"galvute-daugiafunkcine-ilga-3-8-16mm","status":"publish","type":"product","link":"https:\/\/irankiuzona.lt\/ru\/product\/galvute-daugiafunkcine-ilga-3-8-16mm\/","title":{"rendered":"Galvut\u0117 daugiafunkcin\u0117 ilga 3\/8 16mm"},"content":{"rendered":"<p>Tinka metrin\u0117ms, colin\u0117ms,dvylikakamp\u0117ms, E formos,torx,spline,ribe, ver\u017el\u0117ms.<\/p>","protected":false},"excerpt":{"rendered":"<p>Galvut\u0117 daugiafunkcin\u0117 ilga 3\/8 16mm<\/p>","protected":false},"featured_media":237388,"comment_status":"open","ping_status":"open","template":"","meta":[],"product_cat":[9964],"product_tag":[9845],"class_list":{"0":"post-237386","1":"product","2":"type-product","3":"status-publish","4":"has-post-thumbnail","6":"product_brand-vokietija-germany","7":"product_cat-galvutes-varioplus-daugiafunkcines","8":"product_tag-vokietija-germany","10":"first","11":"outofstock","12":"purchasable","13":"product-type-simple"},"jetpack_sharing_enabled":true,"_links":{"self":[{"href":"https:\/\/irankiuzona.lt\/ru\/wp-json\/wp\/v2\/product\/237386","targetHints":{"allow":["GET"]}}],"collection":[{"href":"https:\/\/irankiuzona.lt\/ru\/wp-json\/wp\/v2\/product"}],"about":[{"href":"https:\/\/irankiuzona.lt\/ru\/wp-json\/wp\/v2\/types\/product"}],"replies":[{"embeddable":true,"href":"https:\/\/irankiuzona.lt\/ru\/wp-json\/wp\/v2\/comments?post=237386"}],"version-history":[{"count":1,"href":"https:\/\/irankiuzona.lt\/ru\/wp-json\/wp\/v2\/product\/237386\/revisions"}],"predecessor-version":[{"id":414033,"href":"https:\/\/irankiuzona.lt\/ru\/wp-json\/wp\/v2\/product\/237386\/revisions\/414033"}],"wp:featuredmedia":[{"embeddable":true,"href":"https:\/\/irankiuzona.lt\/ru\/wp-json\/wp\/v2\/media\/237388"}],"wp:attachment":[{"href":"https:\/\/irankiuzona.lt\/ru\/wp-json\/wp\/v2\/media?parent=237386"}],"wp:term":[{"taxonomy":"product_cat","embeddable":true,"href":"https:\/\/irankiuzona.lt\/ru\/wp-json\/wp\/v2\/product_cat?post=237386"},{"taxonomy":"product_tag","embeddable":true,"href":"https:\/\/irankiuzona.lt\/ru\/wp-json\/wp\/v2\/product_tag?post=237386"}],"curies":[{"name":"wp","href":"https:\/\/api.w.org\/{rel}","templated":true}]}}