{"id":237629,"date":"2024-09-29T05:01:01","date_gmt":"2024-09-29T05:01:01","guid":{"rendered":"https:\/\/irankiuzona.lt\/product\/reples-fiksavimo-ziedams-4-profi-nws\/"},"modified":"2026-05-16T01:58:21","modified_gmt":"2026-05-16T01:58:21","slug":"reples-fiksavimo-ziedams-4-profi-nws","status":"publish","type":"product","link":"https:\/\/irankiuzona.lt\/ru\/product\/reples-fiksavimo-ziedams-4-profi-nws\/","title":{"rendered":"Repl\u0117s fiksavimo \u017eiedams *4 profi NWS"},"content":{"rendered":"<p>2vnt &#8211; spaud\u017eian\u010dios \/ 2vnt &#8211; ple\u010dian\u010diosDiapazonas 19 &#8211; 60 mm<\/p>","protected":false},"excerpt":{"rendered":"<p>Repl\u0117s fiksavimo \u017eiedams *4 profi NWS<\/p>","protected":false},"featured_media":237631,"comment_status":"open","ping_status":"open","template":"","meta":[],"product_cat":[9986],"product_tag":[9795],"class_list":{"0":"post-237629","1":"product","2":"type-product","3":"status-publish","4":"has-post-thumbnail","6":"product_brand-nws-profi-vokietija","7":"product_cat-repliu-komplektai-fiksavimo-ziedams","8":"product_tag-nws-profi-vokietija","10":"first","11":"outofstock","12":"purchasable","13":"product-type-simple"},"jetpack_sharing_enabled":true,"_links":{"self":[{"href":"https:\/\/irankiuzona.lt\/ru\/wp-json\/wp\/v2\/product\/237629","targetHints":{"allow":["GET"]}}],"collection":[{"href":"https:\/\/irankiuzona.lt\/ru\/wp-json\/wp\/v2\/product"}],"about":[{"href":"https:\/\/irankiuzona.lt\/ru\/wp-json\/wp\/v2\/types\/product"}],"replies":[{"embeddable":true,"href":"https:\/\/irankiuzona.lt\/ru\/wp-json\/wp\/v2\/comments?post=237629"}],"version-history":[{"count":1,"href":"https:\/\/irankiuzona.lt\/ru\/wp-json\/wp\/v2\/product\/237629\/revisions"}],"predecessor-version":[{"id":414104,"href":"https:\/\/irankiuzona.lt\/ru\/wp-json\/wp\/v2\/product\/237629\/revisions\/414104"}],"wp:featuredmedia":[{"embeddable":true,"href":"https:\/\/irankiuzona.lt\/ru\/wp-json\/wp\/v2\/media\/237631"}],"wp:attachment":[{"href":"https:\/\/irankiuzona.lt\/ru\/wp-json\/wp\/v2\/media?parent=237629"}],"wp:term":[{"taxonomy":"product_cat","embeddable":true,"href":"https:\/\/irankiuzona.lt\/ru\/wp-json\/wp\/v2\/product_cat?post=237629"},{"taxonomy":"product_tag","embeddable":true,"href":"https:\/\/irankiuzona.lt\/ru\/wp-json\/wp\/v2\/product_tag?post=237629"}],"curies":[{"name":"wp","href":"https:\/\/api.w.org\/{rel}","templated":true}]}}