{"id":237641,"date":"2024-09-29T05:01:02","date_gmt":"2024-09-29T05:01:02","guid":{"rendered":"https:\/\/irankiuzona.lt\/product\/reples-350mm-papidintos-jegos-tiesios\/"},"modified":"2026-04-21T20:27:35","modified_gmt":"2026-04-21T20:27:35","slug":"reples-350mm-papidintos-jegos-tiesios","status":"publish","type":"product","link":"https:\/\/irankiuzona.lt\/ru\/product\/reples-350mm-papidintos-jegos-tiesios\/","title":{"rendered":"Repl\u0117s 350mm papidintos j\u0117gos, tiesios"},"content":{"rendered":"","protected":false},"excerpt":{"rendered":"<p>Repl\u0117s 350mm papidintos j\u0117gos, tiesios<\/p>","protected":false},"featured_media":237643,"comment_status":"open","ping_status":"open","template":"","meta":[],"product_cat":[9987],"product_tag":[9778],"class_list":{"0":"post-237641","1":"product","2":"type-product","3":"status-publish","4":"has-post-thumbnail","6":"product_brand-triumf-professional-tools-slovakija","7":"product_cat-reples-prailgintos","8":"product_tag-triumf-professional-tools-slovakija","10":"first","11":"instock","12":"purchasable","13":"product-type-simple"},"jetpack_sharing_enabled":true,"_links":{"self":[{"href":"https:\/\/irankiuzona.lt\/ru\/wp-json\/wp\/v2\/product\/237641","targetHints":{"allow":["GET"]}}],"collection":[{"href":"https:\/\/irankiuzona.lt\/ru\/wp-json\/wp\/v2\/product"}],"about":[{"href":"https:\/\/irankiuzona.lt\/ru\/wp-json\/wp\/v2\/types\/product"}],"replies":[{"embeddable":true,"href":"https:\/\/irankiuzona.lt\/ru\/wp-json\/wp\/v2\/comments?post=237641"}],"version-history":[{"count":1,"href":"https:\/\/irankiuzona.lt\/ru\/wp-json\/wp\/v2\/product\/237641\/revisions"}],"predecessor-version":[{"id":414108,"href":"https:\/\/irankiuzona.lt\/ru\/wp-json\/wp\/v2\/product\/237641\/revisions\/414108"}],"wp:featuredmedia":[{"embeddable":true,"href":"https:\/\/irankiuzona.lt\/ru\/wp-json\/wp\/v2\/media\/237643"}],"wp:attachment":[{"href":"https:\/\/irankiuzona.lt\/ru\/wp-json\/wp\/v2\/media?parent=237641"}],"wp:term":[{"taxonomy":"product_cat","embeddable":true,"href":"https:\/\/irankiuzona.lt\/ru\/wp-json\/wp\/v2\/product_cat?post=237641"},{"taxonomy":"product_tag","embeddable":true,"href":"https:\/\/irankiuzona.lt\/ru\/wp-json\/wp\/v2\/product_tag?post=237641"}],"curies":[{"name":"wp","href":"https:\/\/api.w.org\/{rel}","templated":true}]}}