{"id":237712,"date":"2024-09-29T05:10:08","date_gmt":"2024-09-29T05:10:08","guid":{"rendered":"https:\/\/irankiuzona.lt\/product\/repliu-komplektas-fiksavimo-ziedams\/"},"modified":"2026-04-19T19:52:47","modified_gmt":"2026-04-19T19:52:47","slug":"repliu-komplektas-fiksavimo-ziedams","status":"publish","type":"product","link":"https:\/\/irankiuzona.lt\/ru\/product\/repliu-komplektas-fiksavimo-ziedams\/","title":{"rendered":"Repli\u0173 komplektas fiksavimo \u017eiedams"},"content":{"rendered":"<p>Gali spausti arba pl\u0117sti.<\/p>\n<p>for internal and external circlips, straight and bent tips<br \/>\nreversible tips<\/p>","protected":false},"excerpt":{"rendered":"<p>Repli\u0173 komplektas fiksavimo \u017eiedams<\/p>","protected":false},"featured_media":237714,"comment_status":"open","ping_status":"open","template":"","meta":[],"product_cat":[9986],"product_tag":[9462],"class_list":{"0":"post-237712","1":"product","2":"type-product","3":"status-publish","4":"has-post-thumbnail","6":"product_brand-condor-werkzeug-vokietija","7":"product_cat-repliu-komplektai-fiksavimo-ziedams","8":"product_tag-condor-werkzeug-vokietija","10":"first","11":"instock","12":"purchasable","13":"product-type-simple"},"jetpack_sharing_enabled":true,"_links":{"self":[{"href":"https:\/\/irankiuzona.lt\/ru\/wp-json\/wp\/v2\/product\/237712","targetHints":{"allow":["GET"]}}],"collection":[{"href":"https:\/\/irankiuzona.lt\/ru\/wp-json\/wp\/v2\/product"}],"about":[{"href":"https:\/\/irankiuzona.lt\/ru\/wp-json\/wp\/v2\/types\/product"}],"replies":[{"embeddable":true,"href":"https:\/\/irankiuzona.lt\/ru\/wp-json\/wp\/v2\/comments?post=237712"}],"version-history":[{"count":1,"href":"https:\/\/irankiuzona.lt\/ru\/wp-json\/wp\/v2\/product\/237712\/revisions"}],"predecessor-version":[{"id":414131,"href":"https:\/\/irankiuzona.lt\/ru\/wp-json\/wp\/v2\/product\/237712\/revisions\/414131"}],"wp:featuredmedia":[{"embeddable":true,"href":"https:\/\/irankiuzona.lt\/ru\/wp-json\/wp\/v2\/media\/237714"}],"wp:attachment":[{"href":"https:\/\/irankiuzona.lt\/ru\/wp-json\/wp\/v2\/media?parent=237712"}],"wp:term":[{"taxonomy":"product_cat","embeddable":true,"href":"https:\/\/irankiuzona.lt\/ru\/wp-json\/wp\/v2\/product_cat?post=237712"},{"taxonomy":"product_tag","embeddable":true,"href":"https:\/\/irankiuzona.lt\/ru\/wp-json\/wp\/v2\/product_tag?post=237712"}],"curies":[{"name":"wp","href":"https:\/\/api.w.org\/{rel}","templated":true}]}}