{"id":237776,"date":"2024-09-29T05:10:14","date_gmt":"2024-09-29T05:10:14","guid":{"rendered":"https:\/\/irankiuzona.lt\/product\/magnetinis-laikiklis-pneumatiniams-irankiams\/"},"modified":"2026-05-16T11:31:20","modified_gmt":"2026-05-16T11:31:20","slug":"magnetinis-laikiklis-pneumatiniams-irankiams","status":"publish","type":"product","link":"https:\/\/irankiuzona.lt\/ru\/product\/magnetinis-laikiklis-pneumatiniams-irankiams\/","title":{"rendered":"Magnetinis laikiklis pneumatiniams \u012frankiams"},"content":{"rendered":"<p>Holds air impact wrenches, wheel nut sockets and torque wrenches on lifting platforms2 strong magnets23 kg lifting capacity<\/p>","protected":false},"excerpt":{"rendered":"<p>Magnetinis laikiklis pneumatiniam\u00a0ver\u017elias\u016bkiui, laikiklis galvut\u0117ms \/ priedas \u012franki\u0173 ve\u017eim\u0117liui<\/p>","protected":false},"featured_media":237778,"comment_status":"open","ping_status":"open","template":"","meta":[],"product_cat":[9873],"product_tag":[9435],"class_list":{"0":"post-237776","1":"product","2":"type-product","3":"status-publish","4":"has-post-thumbnail","6":"product_brand-kinija","7":"product_cat-priedai-vezimeliams","8":"product_tag-kinija","10":"first","11":"outofstock","12":"purchasable","13":"product-type-simple"},"jetpack_sharing_enabled":true,"_links":{"self":[{"href":"https:\/\/irankiuzona.lt\/ru\/wp-json\/wp\/v2\/product\/237776","targetHints":{"allow":["GET"]}}],"collection":[{"href":"https:\/\/irankiuzona.lt\/ru\/wp-json\/wp\/v2\/product"}],"about":[{"href":"https:\/\/irankiuzona.lt\/ru\/wp-json\/wp\/v2\/types\/product"}],"replies":[{"embeddable":true,"href":"https:\/\/irankiuzona.lt\/ru\/wp-json\/wp\/v2\/comments?post=237776"}],"version-history":[{"count":1,"href":"https:\/\/irankiuzona.lt\/ru\/wp-json\/wp\/v2\/product\/237776\/revisions"}],"predecessor-version":[{"id":414151,"href":"https:\/\/irankiuzona.lt\/ru\/wp-json\/wp\/v2\/product\/237776\/revisions\/414151"}],"wp:featuredmedia":[{"embeddable":true,"href":"https:\/\/irankiuzona.lt\/ru\/wp-json\/wp\/v2\/media\/237778"}],"wp:attachment":[{"href":"https:\/\/irankiuzona.lt\/ru\/wp-json\/wp\/v2\/media?parent=237776"}],"wp:term":[{"taxonomy":"product_cat","embeddable":true,"href":"https:\/\/irankiuzona.lt\/ru\/wp-json\/wp\/v2\/product_cat?post=237776"},{"taxonomy":"product_tag","embeddable":true,"href":"https:\/\/irankiuzona.lt\/ru\/wp-json\/wp\/v2\/product_tag?post=237776"}],"curies":[{"name":"wp","href":"https:\/\/api.w.org\/{rel}","templated":true}]}}