{"id":237814,"date":"2024-09-29T05:10:18","date_gmt":"2024-09-29T05:10:18","guid":{"rendered":"https:\/\/irankiuzona.lt\/product\/reples-plastikines-uzspausti-zarnelems-3vnt\/"},"modified":"2025-03-25T01:40:47","modified_gmt":"2025-03-25T01:40:47","slug":"reples-plastikines-uzspausti-zarnelems-3vnt","status":"publish","type":"product","link":"https:\/\/irankiuzona.lt\/ru\/product\/reples-plastikines-uzspausti-zarnelems-3vnt\/","title":{"rendered":"Repl\u0117s plastikin\u0117s u\u017espausti \u017earnel\u0117ms 3vnt."},"content":{"rendered":"<p>Komplekte 3 vnt. skirting\u0173 dyd\u017ei\u0173.Diametras 11-19 mm \/ 22-42 mm \/ 22-60 mm<\/p>","protected":false},"excerpt":{"rendered":"<p>Plastikin\u0117s repl\u0117s \u017earneli\u0173 u\u017espaudimui \/ 3vnt.<\/p>","protected":false},"featured_media":237816,"comment_status":"open","ping_status":"open","template":"","meta":[],"product_cat":[9468],"product_tag":[9898],"class_list":{"0":"post-237814","1":"product","2":"type-product","3":"status-publish","4":"has-post-thumbnail","6":"product_brand-avtodelo","7":"product_cat-zarnu-uzspaudimo-irankiai","8":"product_tag-avtodelo","10":"first","11":"outofstock","12":"purchasable","13":"product-type-simple"},"jetpack_sharing_enabled":true,"_links":{"self":[{"href":"https:\/\/irankiuzona.lt\/ru\/wp-json\/wp\/v2\/product\/237814","targetHints":{"allow":["GET"]}}],"collection":[{"href":"https:\/\/irankiuzona.lt\/ru\/wp-json\/wp\/v2\/product"}],"about":[{"href":"https:\/\/irankiuzona.lt\/ru\/wp-json\/wp\/v2\/types\/product"}],"replies":[{"embeddable":true,"href":"https:\/\/irankiuzona.lt\/ru\/wp-json\/wp\/v2\/comments?post=237814"}],"version-history":[{"count":0,"href":"https:\/\/irankiuzona.lt\/ru\/wp-json\/wp\/v2\/product\/237814\/revisions"}],"wp:featuredmedia":[{"embeddable":true,"href":"https:\/\/irankiuzona.lt\/ru\/wp-json\/wp\/v2\/media\/237816"}],"wp:attachment":[{"href":"https:\/\/irankiuzona.lt\/ru\/wp-json\/wp\/v2\/media?parent=237814"}],"wp:term":[{"taxonomy":"product_cat","embeddable":true,"href":"https:\/\/irankiuzona.lt\/ru\/wp-json\/wp\/v2\/product_cat?post=237814"},{"taxonomy":"product_tag","embeddable":true,"href":"https:\/\/irankiuzona.lt\/ru\/wp-json\/wp\/v2\/product_tag?post=237814"}],"curies":[{"name":"wp","href":"https:\/\/api.w.org\/{rel}","templated":true}]}}