{"id":237986,"date":"2024-09-29T05:10:34","date_gmt":"2024-09-29T05:10:34","guid":{"rendered":"https:\/\/irankiuzona.lt\/product\/spec-galvutes-sugadintiems-varztams-komplektas\/"},"modified":"2026-04-16T18:57:20","modified_gmt":"2026-04-16T18:57:20","slug":"spec-galvutes-sugadintiems-varztams-komplektas","status":"publish","type":"product","link":"https:\/\/irankiuzona.lt\/ru\/product\/spec-galvutes-sugadintiems-varztams-komplektas\/","title":{"rendered":"Spec. galvut\u0117s sugadintiems var\u017etams, komplektas"},"content":{"rendered":"<p>XcessPerformanceKomplekte:\u00a01\/4 galvut\u0117s: 6-8-10-11-12 mm1\/2 galvut\u0117s: 13-14-15-16-17-18-19-21-22-24-27 mmi\u0161oriniu sriegiu galvut\u0117s: 3\/8 &#8211; 2-3-4-5-6 mm (37 mm auk\u0161tis)i\u0161oriniu sriegiu galvut\u0117s: 1\/2 &#8211; 8-10-12-14 mm (45 mm auk\u0161tis)<\/p>\n<p>for removing damaged or rounded nuts and bolts<br \/>\naggressive twist profile<br \/>\nincludes 2 punches<\/p>","protected":false},"excerpt":{"rendered":"<p>Galvu\u010di\u0173 komplektas sugadintiems var\u017etams atsukti<\/p>","protected":false},"featured_media":237988,"comment_status":"open","ping_status":"open","template":"","meta":[],"product_cat":[9500],"product_tag":[9462],"class_list":{"0":"post-237986","1":"product","2":"type-product","3":"status-publish","4":"has-post-thumbnail","6":"product_brand-condor-werkzeug-vokietija","7":"product_cat-galvuciu-komplektai-sugadintiems-varztams","8":"product_tag-condor-werkzeug-vokietija","10":"first","11":"instock","12":"purchasable","13":"product-type-simple"},"jetpack_sharing_enabled":true,"_links":{"self":[{"href":"https:\/\/irankiuzona.lt\/ru\/wp-json\/wp\/v2\/product\/237986","targetHints":{"allow":["GET"]}}],"collection":[{"href":"https:\/\/irankiuzona.lt\/ru\/wp-json\/wp\/v2\/product"}],"about":[{"href":"https:\/\/irankiuzona.lt\/ru\/wp-json\/wp\/v2\/types\/product"}],"replies":[{"embeddable":true,"href":"https:\/\/irankiuzona.lt\/ru\/wp-json\/wp\/v2\/comments?post=237986"}],"version-history":[{"count":1,"href":"https:\/\/irankiuzona.lt\/ru\/wp-json\/wp\/v2\/product\/237986\/revisions"}],"predecessor-version":[{"id":414210,"href":"https:\/\/irankiuzona.lt\/ru\/wp-json\/wp\/v2\/product\/237986\/revisions\/414210"}],"wp:featuredmedia":[{"embeddable":true,"href":"https:\/\/irankiuzona.lt\/ru\/wp-json\/wp\/v2\/media\/237988"}],"wp:attachment":[{"href":"https:\/\/irankiuzona.lt\/ru\/wp-json\/wp\/v2\/media?parent=237986"}],"wp:term":[{"taxonomy":"product_cat","embeddable":true,"href":"https:\/\/irankiuzona.lt\/ru\/wp-json\/wp\/v2\/product_cat?post=237986"},{"taxonomy":"product_tag","embeddable":true,"href":"https:\/\/irankiuzona.lt\/ru\/wp-json\/wp\/v2\/product_tag?post=237986"}],"curies":[{"name":"wp","href":"https:\/\/api.w.org\/{rel}","templated":true}]}}