{"id":238022,"date":"2024-09-29T05:10:38","date_gmt":"2024-09-29T05:10:38","guid":{"rendered":"https:\/\/irankiuzona.lt\/product\/raktas-stabdziu-vamzdeliams-cv-9-11mm\/"},"modified":"2026-05-15T21:40:30","modified_gmt":"2026-05-15T21:40:30","slug":"raktas-stabdziu-vamzdeliams-cv-9-11mm","status":"publish","type":"product","link":"https:\/\/irankiuzona.lt\/ru\/product\/raktas-stabdziu-vamzdeliams-cv-9-11mm\/","title":{"rendered":"Raktas stabd\u017ei\u0173 vamzdeliams CV 9\/11mm"},"content":{"rendered":"<p>\u2022 Designed for repair and maintenance of the hydraulic and pneumatic systems.<br \/>\n\u2022 The wrench is made of chrome-vanadium tool steel by hot stamping at a low temperature of the workpiece.<br \/>\n\u2022 Wrench working profiles are made with the high accuracy and hardene<\/p>","protected":false},"excerpt":{"rendered":"<p>Raktas stabd\u017ei\u0173 vamzdeliams su i\u0161pjova 9mm\/11mm<\/p>","protected":false},"featured_media":238024,"comment_status":"open","ping_status":"open","template":"","meta":[],"product_cat":[9596],"product_tag":[9898],"class_list":{"0":"post-238022","1":"product","2":"type-product","3":"status-publish","4":"has-post-thumbnail","6":"product_brand-avtodelo","7":"product_cat-raktai-vamzdeliams-su-ispjova","8":"product_tag-avtodelo","10":"first","11":"outofstock","12":"purchasable","13":"product-type-simple"},"jetpack_sharing_enabled":true,"_links":{"self":[{"href":"https:\/\/irankiuzona.lt\/ru\/wp-json\/wp\/v2\/product\/238022","targetHints":{"allow":["GET"]}}],"collection":[{"href":"https:\/\/irankiuzona.lt\/ru\/wp-json\/wp\/v2\/product"}],"about":[{"href":"https:\/\/irankiuzona.lt\/ru\/wp-json\/wp\/v2\/types\/product"}],"replies":[{"embeddable":true,"href":"https:\/\/irankiuzona.lt\/ru\/wp-json\/wp\/v2\/comments?post=238022"}],"version-history":[{"count":1,"href":"https:\/\/irankiuzona.lt\/ru\/wp-json\/wp\/v2\/product\/238022\/revisions"}],"predecessor-version":[{"id":414222,"href":"https:\/\/irankiuzona.lt\/ru\/wp-json\/wp\/v2\/product\/238022\/revisions\/414222"}],"wp:featuredmedia":[{"embeddable":true,"href":"https:\/\/irankiuzona.lt\/ru\/wp-json\/wp\/v2\/media\/238024"}],"wp:attachment":[{"href":"https:\/\/irankiuzona.lt\/ru\/wp-json\/wp\/v2\/media?parent=238022"}],"wp:term":[{"taxonomy":"product_cat","embeddable":true,"href":"https:\/\/irankiuzona.lt\/ru\/wp-json\/wp\/v2\/product_cat?post=238022"},{"taxonomy":"product_tag","embeddable":true,"href":"https:\/\/irankiuzona.lt\/ru\/wp-json\/wp\/v2\/product_tag?post=238022"}],"curies":[{"name":"wp","href":"https:\/\/api.w.org\/{rel}","templated":true}]}}