{"id":238289,"date":"2024-09-29T05:20:07","date_gmt":"2024-09-29T05:20:07","guid":{"rendered":"https:\/\/irankiuzona.lt\/product\/irankis-tepalo-filtrams-atsukti-o110-155mm\/"},"modified":"2026-04-14T19:22:24","modified_gmt":"2026-04-14T19:22:24","slug":"irankis-tepalo-filtrams-atsukti-o110-155mm","status":"publish","type":"product","link":"https:\/\/irankiuzona.lt\/ru\/product\/irankis-tepalo-filtrams-atsukti-o110-155mm\/","title":{"rendered":"\u012erankis tepalo filtrams atsukti (\u00f8110-155mm)"},"content":{"rendered":"<p>\u00f8 110-155mm<\/p>\n<p>universal, with replaceable metal band<br \/>\nfor one-hand operation<\/p>","protected":false},"excerpt":{"rendered":"<p>Raktas\u00a0tepalo filtrams atsukti (\u00f8110-155mm)<\/p>","protected":false},"featured_media":238291,"comment_status":"open","ping_status":"open","template":"","meta":[],"product_cat":[9548],"product_tag":[9462],"class_list":{"0":"post-238289","1":"product","2":"type-product","3":"status-publish","4":"has-post-thumbnail","6":"product_brand-condor-werkzeug-vokietija","7":"product_cat-universalus-raktai-dirzai-trikojai-grandines","8":"product_tag-condor-werkzeug-vokietija","10":"first","11":"instock","12":"purchasable","13":"product-type-simple"},"jetpack_sharing_enabled":true,"_links":{"self":[{"href":"https:\/\/irankiuzona.lt\/ru\/wp-json\/wp\/v2\/product\/238289","targetHints":{"allow":["GET"]}}],"collection":[{"href":"https:\/\/irankiuzona.lt\/ru\/wp-json\/wp\/v2\/product"}],"about":[{"href":"https:\/\/irankiuzona.lt\/ru\/wp-json\/wp\/v2\/types\/product"}],"replies":[{"embeddable":true,"href":"https:\/\/irankiuzona.lt\/ru\/wp-json\/wp\/v2\/comments?post=238289"}],"version-history":[{"count":1,"href":"https:\/\/irankiuzona.lt\/ru\/wp-json\/wp\/v2\/product\/238289\/revisions"}],"predecessor-version":[{"id":414292,"href":"https:\/\/irankiuzona.lt\/ru\/wp-json\/wp\/v2\/product\/238289\/revisions\/414292"}],"wp:featuredmedia":[{"embeddable":true,"href":"https:\/\/irankiuzona.lt\/ru\/wp-json\/wp\/v2\/media\/238291"}],"wp:attachment":[{"href":"https:\/\/irankiuzona.lt\/ru\/wp-json\/wp\/v2\/media?parent=238289"}],"wp:term":[{"taxonomy":"product_cat","embeddable":true,"href":"https:\/\/irankiuzona.lt\/ru\/wp-json\/wp\/v2\/product_cat?post=238289"},{"taxonomy":"product_tag","embeddable":true,"href":"https:\/\/irankiuzona.lt\/ru\/wp-json\/wp\/v2\/product_tag?post=238289"}],"curies":[{"name":"wp","href":"https:\/\/api.w.org\/{rel}","templated":true}]}}