{"id":238292,"date":"2024-09-29T05:20:07","date_gmt":"2024-09-29T05:20:07","guid":{"rendered":"https:\/\/irankiuzona.lt\/product\/antgalis-smuginis-h22mm-sesiakampis-1-2\/"},"modified":"2026-04-14T21:14:51","modified_gmt":"2026-04-14T21:14:51","slug":"antgalis-smuginis-h22mm-sesiakampis-1-2","status":"publish","type":"product","link":"https:\/\/irankiuzona.lt\/ru\/product\/antgalis-smuginis-h22mm-sesiakampis-1-2\/","title":{"rendered":"Antgalis sm\u016bginis H22mm \u0161e\u0161iakampis 1\/2"},"content":{"rendered":"<p>Diametras &#8211; 22 mm (HEX-22)Lizdas &#8211; 1\/2\u00a0Ilgis &#8211; 53 mmCr-MoImpact Socket Bit, 1\/2&quot;, hexagon 22&#215;53 mm<\/p>\n<p>required for axle disassembly<br \/>\nmanufactured from one solid piece, extremely robust quality\u00a0<\/p>","protected":false},"excerpt":{"rendered":"<p>Antgalis 1\/2 sm\u016bginis H22mm \u0161e\u0161iakampis\u00a0Cr-Mo \/ HEX22<\/p>","protected":false},"featured_media":238294,"comment_status":"open","ping_status":"open","template":"","meta":[],"product_cat":[9947],"product_tag":[9462],"class_list":{"0":"post-238292","1":"product","2":"type-product","3":"status-publish","4":"has-post-thumbnail","6":"product_brand-condor-werkzeug-vokietija","7":"product_cat-hex-6-kampiai-smuginiai-antgaliai","8":"product_tag-condor-werkzeug-vokietija","10":"first","11":"instock","12":"purchasable","13":"product-type-simple"},"jetpack_sharing_enabled":true,"_links":{"self":[{"href":"https:\/\/irankiuzona.lt\/ru\/wp-json\/wp\/v2\/product\/238292","targetHints":{"allow":["GET"]}}],"collection":[{"href":"https:\/\/irankiuzona.lt\/ru\/wp-json\/wp\/v2\/product"}],"about":[{"href":"https:\/\/irankiuzona.lt\/ru\/wp-json\/wp\/v2\/types\/product"}],"replies":[{"embeddable":true,"href":"https:\/\/irankiuzona.lt\/ru\/wp-json\/wp\/v2\/comments?post=238292"}],"version-history":[{"count":1,"href":"https:\/\/irankiuzona.lt\/ru\/wp-json\/wp\/v2\/product\/238292\/revisions"}],"predecessor-version":[{"id":414293,"href":"https:\/\/irankiuzona.lt\/ru\/wp-json\/wp\/v2\/product\/238292\/revisions\/414293"}],"wp:featuredmedia":[{"embeddable":true,"href":"https:\/\/irankiuzona.lt\/ru\/wp-json\/wp\/v2\/media\/238294"}],"wp:attachment":[{"href":"https:\/\/irankiuzona.lt\/ru\/wp-json\/wp\/v2\/media?parent=238292"}],"wp:term":[{"taxonomy":"product_cat","embeddable":true,"href":"https:\/\/irankiuzona.lt\/ru\/wp-json\/wp\/v2\/product_cat?post=238292"},{"taxonomy":"product_tag","embeddable":true,"href":"https:\/\/irankiuzona.lt\/ru\/wp-json\/wp\/v2\/product_tag?post=238292"}],"curies":[{"name":"wp","href":"https:\/\/api.w.org\/{rel}","templated":true}]}}