{"id":238448,"date":"2024-09-29T05:20:24","date_gmt":"2024-09-29T05:20:24","guid":{"rendered":"https:\/\/irankiuzona.lt\/product\/galvute-3-4-ilga-21mm-cr-mo\/"},"modified":"2026-04-04T13:06:49","modified_gmt":"2026-04-04T13:06:49","slug":"galvute-3-4-ilga-21mm-cr-mo","status":"publish","type":"product","link":"https:\/\/irankiuzona.lt\/ru\/product\/galvute-3-4-ilga-21mm-cr-mo\/","title":{"rendered":"Galvut\u0117 3\/4&quot; ilga 21mm CR-MO"},"content":{"rendered":"<p>Auk\u0161tis 90mm<\/p>","protected":false},"excerpt":{"rendered":"<p>Prailginta sm\u016bgin\u0117 galvut\u0117 21mm 3\/4&quot;<\/p>","protected":false},"featured_media":238450,"comment_status":"open","ping_status":"open","template":"","meta":[],"product_cat":[9822],"product_tag":[9435],"class_list":{"0":"post-238448","1":"product","2":"type-product","3":"status-publish","4":"has-post-thumbnail","6":"product_brand-kinija","7":"product_cat-3-4-20-mm-ilgos-smugines-sesiakampes-galvutes","8":"product_tag-kinija","10":"first","11":"outofstock","12":"purchasable","13":"product-type-simple"},"jetpack_sharing_enabled":true,"_links":{"self":[{"href":"https:\/\/irankiuzona.lt\/ru\/wp-json\/wp\/v2\/product\/238448","targetHints":{"allow":["GET"]}}],"collection":[{"href":"https:\/\/irankiuzona.lt\/ru\/wp-json\/wp\/v2\/product"}],"about":[{"href":"https:\/\/irankiuzona.lt\/ru\/wp-json\/wp\/v2\/types\/product"}],"replies":[{"embeddable":true,"href":"https:\/\/irankiuzona.lt\/ru\/wp-json\/wp\/v2\/comments?post=238448"}],"version-history":[{"count":0,"href":"https:\/\/irankiuzona.lt\/ru\/wp-json\/wp\/v2\/product\/238448\/revisions"}],"wp:featuredmedia":[{"embeddable":true,"href":"https:\/\/irankiuzona.lt\/ru\/wp-json\/wp\/v2\/media\/238450"}],"wp:attachment":[{"href":"https:\/\/irankiuzona.lt\/ru\/wp-json\/wp\/v2\/media?parent=238448"}],"wp:term":[{"taxonomy":"product_cat","embeddable":true,"href":"https:\/\/irankiuzona.lt\/ru\/wp-json\/wp\/v2\/product_cat?post=238448"},{"taxonomy":"product_tag","embeddable":true,"href":"https:\/\/irankiuzona.lt\/ru\/wp-json\/wp\/v2\/product_tag?post=238448"}],"curies":[{"name":"wp","href":"https:\/\/api.w.org\/{rel}","templated":true}]}}