{"id":238820,"date":"2024-09-29T05:21:01","date_gmt":"2024-09-29T05:21:01","guid":{"rendered":"https:\/\/irankiuzona.lt\/product\/ikraunama-lempa-cob-led-3w-hoegert-ht1e406\/"},"modified":"2026-05-15T22:34:54","modified_gmt":"2026-05-15T22:34:54","slug":"ikraunama-lempa-cob-led-3w-hoegert-ht1e406","status":"publish","type":"product","link":"https:\/\/irankiuzona.lt\/ru\/product\/ikraunama-lempa-cob-led-3w-hoegert-ht1e406\/","title":{"rendered":"\u012ekraunama lempa COB-LED 3W \/ HOEGERT HT1E406"},"content":{"rendered":"<p>\u201eHoegert Technik\u201c yra modernus ir dinami\u0161kai besivystantis profesionali\u0173 rankini\u0173 \u012franki\u0173 gamintojas. M\u016bs\u0173 produktai buvo sukurti intensyviam naudojimui ypatingai reikliems klientams. Hoegert Technik &#8211; patikimumas ir ilgaam\u017ei\u0161kumas. Techninis apra\u0161ymas: Ap\u017ei\u016bros \u017eibintuv\u0117lis pravers kiekvienose dirbtuv\u0117se, automobilyje ar namuose. Magnetu ir spaustuku \u017eibintuv\u0117l\u012f galima saugiai pritvirtinti. Technin\u0117 charakteristika: &#8211; pagrindin\u0117 lemput\u0117 \u2013 3 W COB LED, gerai ap\u0161vie\u010dia darbo viet\u0105 (galingumas \u2013 160 liumen\u0173), 2 \u0161vietimo funkcijos; &#8211; papildoma lemput\u0117 \u2013 3 W LED, galingumas \u2013 150 liumen\u0173), \u0161vietimo funkcija; &#8211; maitinimo \u0161altinis \u2013 3,7 W akumuliatorius, 1 200 mAh, \u012fkrovimas per USB; &#8211; baterijos \u012fkrovimo indikatorius; &#8211; apytikslis \u0161vietimo laikas \u2013 2,5 val.; &#8211; spaustukas, kur\u012f galima paskuti 120\u00b0 kampu; &#8211; 2 magnetai, d\u0117l kuri\u0173 galite naudoti \u017eibintuv\u0117l\u012f sunkiai pasiekiamose vietose: vienas spaustuke, o kitas \u2013 pagrinde; &#8211; pagamintas i\u0161 kokybi\u0161ko ABS plastiko; &#8211; profiliuotas korpusas.<\/p>","protected":false},"excerpt":{"rendered":"<p>\u012ekraunama LED lempa\u00a0<\/p>","protected":false},"featured_media":238822,"comment_status":"open","ping_status":"open","template":"","meta":[],"product_cat":[9807],"product_tag":[9969],"class_list":{"0":"post-238820","1":"product","2":"type-product","3":"status-publish","4":"has-post-thumbnail","6":"product_brand-hogert-technik-vokietija","7":"product_cat-ikraunamos-lempos-prozektoriai","8":"product_tag-hogert-technik-vokietija","10":"first","11":"instock","12":"purchasable","13":"product-type-simple"},"jetpack_sharing_enabled":true,"_links":{"self":[{"href":"https:\/\/irankiuzona.lt\/ru\/wp-json\/wp\/v2\/product\/238820","targetHints":{"allow":["GET"]}}],"collection":[{"href":"https:\/\/irankiuzona.lt\/ru\/wp-json\/wp\/v2\/product"}],"about":[{"href":"https:\/\/irankiuzona.lt\/ru\/wp-json\/wp\/v2\/types\/product"}],"replies":[{"embeddable":true,"href":"https:\/\/irankiuzona.lt\/ru\/wp-json\/wp\/v2\/comments?post=238820"}],"version-history":[{"count":1,"href":"https:\/\/irankiuzona.lt\/ru\/wp-json\/wp\/v2\/product\/238820\/revisions"}],"predecessor-version":[{"id":414466,"href":"https:\/\/irankiuzona.lt\/ru\/wp-json\/wp\/v2\/product\/238820\/revisions\/414466"}],"wp:featuredmedia":[{"embeddable":true,"href":"https:\/\/irankiuzona.lt\/ru\/wp-json\/wp\/v2\/media\/238822"}],"wp:attachment":[{"href":"https:\/\/irankiuzona.lt\/ru\/wp-json\/wp\/v2\/media?parent=238820"}],"wp:term":[{"taxonomy":"product_cat","embeddable":true,"href":"https:\/\/irankiuzona.lt\/ru\/wp-json\/wp\/v2\/product_cat?post=238820"},{"taxonomy":"product_tag","embeddable":true,"href":"https:\/\/irankiuzona.lt\/ru\/wp-json\/wp\/v2\/product_tag?post=238820"}],"curies":[{"name":"wp","href":"https:\/\/api.w.org\/{rel}","templated":true}]}}