{"id":238823,"date":"2024-09-29T05:21:01","date_gmt":"2024-09-29T05:21:01","guid":{"rendered":"https:\/\/irankiuzona.lt\/product\/reples-universalios-cv-160mm-din5746-hoegert-ht1p006\/"},"modified":"2026-05-15T15:20:45","modified_gmt":"2026-05-15T15:20:45","slug":"reples-universalios-cv-160mm-din5746-hoegert-ht1p006","status":"publish","type":"product","link":"https:\/\/irankiuzona.lt\/ru\/product\/reples-universalios-cv-160mm-din5746-hoegert-ht1p006\/","title":{"rendered":"Repl\u0117s universalios CV 160mm DIN5746  HOEGERT HT1P006"},"content":{"rendered":"<p>\u201eHoegert Technik\u201c yra modernus ir dinami\u0161kai besivystantis profesionali\u0173 rankini\u0173 \u012franki\u0173 gamintojas. M\u016bs\u0173 produktai buvo sukurti intensyviam naudojimui ypatingai reikliems klientams. Hoegert Technik &#8211; patikimumas ir ilgaam\u017ei\u0161kumas. Techninis apra\u0161ymas: Universalios repl\u0117s, skirtos \u012fvairiems santechnikos ir montavimo darbams, esant vidutin\u0117ms ir didel\u0117ms apkrovoms. Technin\u0117 charakteristika: &#8211; pagamintos i\u0161 kokybi\u0161ko chromo-vanad\u017eio plieno; &#8211; kietos 58\u201362 HRC kirpimo briaunos; &#8211; gr\u016bdintos ir i\u0161gal\u0105stos; &#8211; tvirtos ir atsparios deformacijai; &#8211; ergonomi\u0161k\u0105 dvikomponent\u0119 ranken\u0105 patogu suimti.<\/p>","protected":false},"excerpt":{"rendered":"<p>Repl\u0117s universalios \/ 160mm ilgio<\/p>","protected":false},"featured_media":238825,"comment_status":"open","ping_status":"open","template":"","meta":[],"product_cat":[9660],"product_tag":[9969],"class_list":{"0":"post-238823","1":"product","2":"type-product","3":"status-publish","4":"has-post-thumbnail","6":"product_brand-hogert-technik-vokietija","7":"product_cat-reples-universalios","8":"product_tag-hogert-technik-vokietija","10":"first","11":"instock","12":"purchasable","13":"product-type-simple"},"jetpack_sharing_enabled":true,"_links":{"self":[{"href":"https:\/\/irankiuzona.lt\/ru\/wp-json\/wp\/v2\/product\/238823","targetHints":{"allow":["GET"]}}],"collection":[{"href":"https:\/\/irankiuzona.lt\/ru\/wp-json\/wp\/v2\/product"}],"about":[{"href":"https:\/\/irankiuzona.lt\/ru\/wp-json\/wp\/v2\/types\/product"}],"replies":[{"embeddable":true,"href":"https:\/\/irankiuzona.lt\/ru\/wp-json\/wp\/v2\/comments?post=238823"}],"version-history":[{"count":1,"href":"https:\/\/irankiuzona.lt\/ru\/wp-json\/wp\/v2\/product\/238823\/revisions"}],"predecessor-version":[{"id":414467,"href":"https:\/\/irankiuzona.lt\/ru\/wp-json\/wp\/v2\/product\/238823\/revisions\/414467"}],"wp:featuredmedia":[{"embeddable":true,"href":"https:\/\/irankiuzona.lt\/ru\/wp-json\/wp\/v2\/media\/238825"}],"wp:attachment":[{"href":"https:\/\/irankiuzona.lt\/ru\/wp-json\/wp\/v2\/media?parent=238823"}],"wp:term":[{"taxonomy":"product_cat","embeddable":true,"href":"https:\/\/irankiuzona.lt\/ru\/wp-json\/wp\/v2\/product_cat?post=238823"},{"taxonomy":"product_tag","embeddable":true,"href":"https:\/\/irankiuzona.lt\/ru\/wp-json\/wp\/v2\/product_tag?post=238823"}],"curies":[{"name":"wp","href":"https:\/\/api.w.org\/{rel}","templated":true}]}}