{"id":238846,"date":"2024-09-29T05:21:04","date_gmt":"2024-09-29T05:21:04","guid":{"rendered":"https:\/\/irankiuzona.lt\/product\/reples-universalios-plokscios-160mm\/"},"modified":"2026-05-15T17:10:15","modified_gmt":"2026-05-15T17:10:15","slug":"reples-universalios-plokscios-160mm","status":"publish","type":"product","link":"https:\/\/irankiuzona.lt\/ru\/product\/reples-universalios-plokscios-160mm\/","title":{"rendered":"Repl\u0117s universalios plok\u0161\u010dios 160mm"},"content":{"rendered":"<p>Description<br \/>\nFlat nose pliers for wire forming. Designed for moderate and heavy duty work.<br \/>\nCharacteristics<br \/>\n&#8211; made of high quality chromium-vanadium steel<br \/>\n&#8211; hardened jaws<br \/>\n&#8211; durable, deformation resistant<br \/>\n&#8211; bi-material handles for a comfortable and secure grip<\/p>","protected":false},"excerpt":{"rendered":"<p>Repl\u0117s universalios plok\u0161\u010dios 160mm\u00a0<\/p>","protected":false},"featured_media":238848,"comment_status":"open","ping_status":"open","template":"","meta":[],"product_cat":[9660],"product_tag":[9969],"class_list":{"0":"post-238846","1":"product","2":"type-product","3":"status-publish","4":"has-post-thumbnail","6":"product_brand-hogert-technik-vokietija","7":"product_cat-reples-universalios","8":"product_tag-hogert-technik-vokietija","10":"first","11":"instock","12":"purchasable","13":"product-type-simple"},"jetpack_sharing_enabled":true,"_links":{"self":[{"href":"https:\/\/irankiuzona.lt\/ru\/wp-json\/wp\/v2\/product\/238846","targetHints":{"allow":["GET"]}}],"collection":[{"href":"https:\/\/irankiuzona.lt\/ru\/wp-json\/wp\/v2\/product"}],"about":[{"href":"https:\/\/irankiuzona.lt\/ru\/wp-json\/wp\/v2\/types\/product"}],"replies":[{"embeddable":true,"href":"https:\/\/irankiuzona.lt\/ru\/wp-json\/wp\/v2\/comments?post=238846"}],"version-history":[{"count":1,"href":"https:\/\/irankiuzona.lt\/ru\/wp-json\/wp\/v2\/product\/238846\/revisions"}],"predecessor-version":[{"id":414475,"href":"https:\/\/irankiuzona.lt\/ru\/wp-json\/wp\/v2\/product\/238846\/revisions\/414475"}],"wp:featuredmedia":[{"embeddable":true,"href":"https:\/\/irankiuzona.lt\/ru\/wp-json\/wp\/v2\/media\/238848"}],"wp:attachment":[{"href":"https:\/\/irankiuzona.lt\/ru\/wp-json\/wp\/v2\/media?parent=238846"}],"wp:term":[{"taxonomy":"product_cat","embeddable":true,"href":"https:\/\/irankiuzona.lt\/ru\/wp-json\/wp\/v2\/product_cat?post=238846"},{"taxonomy":"product_tag","embeddable":true,"href":"https:\/\/irankiuzona.lt\/ru\/wp-json\/wp\/v2\/product_tag?post=238846"}],"curies":[{"name":"wp","href":"https:\/\/api.w.org\/{rel}","templated":true}]}}