{"id":238852,"date":"2024-09-29T05:30:03","date_gmt":"2024-09-29T05:30:03","guid":{"rendered":"https:\/\/irankiuzona.lt\/product\/reples-laidams-kirpti-200mm\/"},"modified":"2026-04-10T06:21:39","modified_gmt":"2026-04-10T06:21:39","slug":"reples-laidams-kirpti-200mm","status":"publish","type":"product","link":"https:\/\/irankiuzona.lt\/ru\/product\/reples-laidams-kirpti-200mm\/","title":{"rendered":"Repl\u0117s laidams kirpti 200mm"},"content":{"rendered":"<p>. pagamintas i\u0161 auk\u0161tos kokyb\u0117s chromo-vanad\u017eio plieno. Formos pjovimo briaunos padidina pjovimo tikslum\u0105, nes neleid\u017eia kabeliams ar laidams slysti. didelis pjovimo briaunos kietumas, skirtas tiksliai pjauti kabelius. patvarios ir atsparios deformacijai. Dviej\u0173 med\u017eiag\u0173, formos, neslystan\u010dios rankenos patogiam ir saugiam sukibimui<\/p>","protected":false},"excerpt":{"rendered":"<p>Repl\u0117s laidams kirpti 200mm<\/p>","protected":false},"featured_media":238854,"comment_status":"open","ping_status":"open","template":"","meta":[],"product_cat":[9984],"product_tag":[9969],"class_list":{"0":"post-238852","1":"product","2":"type-product","3":"status-publish","4":"has-post-thumbnail","6":"product_brand-hogert-technik-vokietija","7":"product_cat-elektriko-irankiai","8":"product_tag-hogert-technik-vokietija","10":"first","11":"instock","12":"purchasable","13":"product-type-simple"},"jetpack_sharing_enabled":true,"_links":{"self":[{"href":"https:\/\/irankiuzona.lt\/ru\/wp-json\/wp\/v2\/product\/238852","targetHints":{"allow":["GET"]}}],"collection":[{"href":"https:\/\/irankiuzona.lt\/ru\/wp-json\/wp\/v2\/product"}],"about":[{"href":"https:\/\/irankiuzona.lt\/ru\/wp-json\/wp\/v2\/types\/product"}],"replies":[{"embeddable":true,"href":"https:\/\/irankiuzona.lt\/ru\/wp-json\/wp\/v2\/comments?post=238852"}],"version-history":[{"count":1,"href":"https:\/\/irankiuzona.lt\/ru\/wp-json\/wp\/v2\/product\/238852\/revisions"}],"predecessor-version":[{"id":414477,"href":"https:\/\/irankiuzona.lt\/ru\/wp-json\/wp\/v2\/product\/238852\/revisions\/414477"}],"wp:featuredmedia":[{"embeddable":true,"href":"https:\/\/irankiuzona.lt\/ru\/wp-json\/wp\/v2\/media\/238854"}],"wp:attachment":[{"href":"https:\/\/irankiuzona.lt\/ru\/wp-json\/wp\/v2\/media?parent=238852"}],"wp:term":[{"taxonomy":"product_cat","embeddable":true,"href":"https:\/\/irankiuzona.lt\/ru\/wp-json\/wp\/v2\/product_cat?post=238852"},{"taxonomy":"product_tag","embeddable":true,"href":"https:\/\/irankiuzona.lt\/ru\/wp-json\/wp\/v2\/product_tag?post=238852"}],"curies":[{"name":"wp","href":"https:\/\/api.w.org\/{rel}","templated":true}]}}