{"id":238965,"date":"2024-09-29T05:30:16","date_gmt":"2024-09-29T05:30:16","guid":{"rendered":"https:\/\/irankiuzona.lt\/product\/reples-izoliacijai-nuimti-1000v-160-mm\/"},"modified":"2026-04-10T05:19:35","modified_gmt":"2026-04-10T05:19:35","slug":"reples-izoliacijai-nuimti-1000v-160-mm","status":"publish","type":"product","link":"https:\/\/irankiuzona.lt\/ru\/product\/reples-izoliacijai-nuimti-1000v-160-mm\/","title":{"rendered":"Repl\u0117s izoliacijai nuimti 1000V 160 mm"},"content":{"rendered":"<p>atitinka EN 60900 ir Vokietijos DIN 5745 standart\u0105;. VDE 1000 V sertifikatas;. pagamintas i\u0161 auk\u0161tos kokyb\u0117s chromo-vanad\u017eio legiruoto plieno, atsparaus deformacijai;. juosmens jungtis su knied\u0117mis, kad padidint\u0173 patvarum\u0105 ir patikimum\u0105;. tvirtos pjovimo briaunos \u2013 kietumas 55-60 HRC;. auk\u0161tos kokyb\u0117s metalin\u0117 atidarymo spyruokl\u0117;. integruotos apsaugos, neleid\u017eian\u010dios rankomis liestis su laid\u017eiomis dalimis.<\/p>","protected":false},"excerpt":{"rendered":"<p>Repl\u0117s izoliacijai nuimti 1000V 160 mm<\/p>","protected":false},"featured_media":238967,"comment_status":"open","ping_status":"open","template":"","meta":[],"product_cat":[9984],"product_tag":[9969],"class_list":{"0":"post-238965","1":"product","2":"type-product","3":"status-publish","4":"has-post-thumbnail","6":"product_brand-hogert-technik-vokietija","7":"product_cat-elektriko-irankiai","8":"product_tag-hogert-technik-vokietija","10":"first","11":"instock","12":"purchasable","13":"product-type-simple"},"jetpack_sharing_enabled":true,"_links":{"self":[{"href":"https:\/\/irankiuzona.lt\/ru\/wp-json\/wp\/v2\/product\/238965","targetHints":{"allow":["GET"]}}],"collection":[{"href":"https:\/\/irankiuzona.lt\/ru\/wp-json\/wp\/v2\/product"}],"about":[{"href":"https:\/\/irankiuzona.lt\/ru\/wp-json\/wp\/v2\/types\/product"}],"replies":[{"embeddable":true,"href":"https:\/\/irankiuzona.lt\/ru\/wp-json\/wp\/v2\/comments?post=238965"}],"version-history":[{"count":1,"href":"https:\/\/irankiuzona.lt\/ru\/wp-json\/wp\/v2\/product\/238965\/revisions"}],"predecessor-version":[{"id":414518,"href":"https:\/\/irankiuzona.lt\/ru\/wp-json\/wp\/v2\/product\/238965\/revisions\/414518"}],"wp:featuredmedia":[{"embeddable":true,"href":"https:\/\/irankiuzona.lt\/ru\/wp-json\/wp\/v2\/media\/238967"}],"wp:attachment":[{"href":"https:\/\/irankiuzona.lt\/ru\/wp-json\/wp\/v2\/media?parent=238965"}],"wp:term":[{"taxonomy":"product_cat","embeddable":true,"href":"https:\/\/irankiuzona.lt\/ru\/wp-json\/wp\/v2\/product_cat?post=238965"},{"taxonomy":"product_tag","embeddable":true,"href":"https:\/\/irankiuzona.lt\/ru\/wp-json\/wp\/v2\/product_tag?post=238965"}],"curies":[{"name":"wp","href":"https:\/\/api.w.org\/{rel}","templated":true}]}}