{"id":238980,"date":"2024-09-29T05:30:17","date_gmt":"2024-09-29T05:30:17","guid":{"rendered":"https:\/\/irankiuzona.lt\/product\/terksle-1-4-cr-mo-72-dantu-2\/"},"modified":"2026-04-10T10:37:34","modified_gmt":"2026-04-10T10:37:34","slug":"terksle-1-4-cr-mo-72-dantu-2","status":"publish","type":"product","link":"https:\/\/irankiuzona.lt\/ru\/product\/terksle-1-4-cr-mo-72-dantu-2\/","title":{"rendered":"Terk\u0161l\u0117 1\/4&#8221; Cr-Mo 72 dant\u0173"},"content":{"rendered":"<p>1\/4&quot; 72dant\u0173 terk\u0161l\u0117, su kair\u0117s\/de\u0161in\u0117s jungikliu, greito atjungimo mygtuku.<\/p>","protected":false},"excerpt":{"rendered":"<p>Terk\u0161l\u0117 1\/4&#8221; Cr-Mo 72 dant\u0173<\/p>","protected":false},"featured_media":238982,"comment_status":"open","ping_status":"open","template":"","meta":[],"product_cat":[9837],"product_tag":[9969],"class_list":{"0":"post-238980","1":"product","2":"type-product","3":"status-publish","4":"has-post-thumbnail","6":"product_brand-hogert-technik-vokietija","7":"product_cat-terksles-rankenos-slankiojancios-jungtys","8":"product_tag-hogert-technik-vokietija","10":"first","11":"instock","12":"purchasable","13":"product-type-simple"},"jetpack_sharing_enabled":true,"_links":{"self":[{"href":"https:\/\/irankiuzona.lt\/ru\/wp-json\/wp\/v2\/product\/238980","targetHints":{"allow":["GET"]}}],"collection":[{"href":"https:\/\/irankiuzona.lt\/ru\/wp-json\/wp\/v2\/product"}],"about":[{"href":"https:\/\/irankiuzona.lt\/ru\/wp-json\/wp\/v2\/types\/product"}],"replies":[{"embeddable":true,"href":"https:\/\/irankiuzona.lt\/ru\/wp-json\/wp\/v2\/comments?post=238980"}],"version-history":[{"count":1,"href":"https:\/\/irankiuzona.lt\/ru\/wp-json\/wp\/v2\/product\/238980\/revisions"}],"predecessor-version":[{"id":414523,"href":"https:\/\/irankiuzona.lt\/ru\/wp-json\/wp\/v2\/product\/238980\/revisions\/414523"}],"wp:featuredmedia":[{"embeddable":true,"href":"https:\/\/irankiuzona.lt\/ru\/wp-json\/wp\/v2\/media\/238982"}],"wp:attachment":[{"href":"https:\/\/irankiuzona.lt\/ru\/wp-json\/wp\/v2\/media?parent=238980"}],"wp:term":[{"taxonomy":"product_cat","embeddable":true,"href":"https:\/\/irankiuzona.lt\/ru\/wp-json\/wp\/v2\/product_cat?post=238980"},{"taxonomy":"product_tag","embeddable":true,"href":"https:\/\/irankiuzona.lt\/ru\/wp-json\/wp\/v2\/product_tag?post=238980"}],"curies":[{"name":"wp","href":"https:\/\/api.w.org\/{rel}","templated":true}]}}