{"id":239007,"date":"2024-09-29T05:30:20","date_gmt":"2024-09-29T05:30:20","guid":{"rendered":"https:\/\/irankiuzona.lt\/product\/hogert-irankiu-komplektas-kiauryminemis-galvutemis-18-daliu-ht1r478\/"},"modified":"2026-05-13T22:46:27","modified_gmt":"2026-05-13T22:46:27","slug":"hogert-irankiu-komplektas-kiauryminemis-galvutemis-18-daliu-ht1r478","status":"publish","type":"product","link":"https:\/\/irankiuzona.lt\/ru\/product\/hogert-irankiu-komplektas-kiauryminemis-galvutemis-18-daliu-ht1r478\/","title":{"rendered":"HOGERT \u012franki\u0173 komplektas kiaurymin\u0117mis galvut\u0117mis 18 dali\u0173, HT1R478"},"content":{"rendered":"<p>Kiaurymini\u0173 dvylikakampi\u0173 (VARIO) galvu\u010di\u0173 HOGERT \u012franki\u0173 komplektas 10-24mm \/ 18dali\u0173<br \/>\nKomplekte:Galvut\u0117s: 10mm-11mm-12mm-13mm-14mm-15mm-16mm-17mm-18mm-19mm-21mm-22mm-24mmAdapteriai: 1\/4 + 3\/8 galvut\u0117msPrailgintuvai: 80mm + 150mm<\/p>","protected":false},"excerpt":{"rendered":"<p>Kiaurymini\u0173 dvylikakampi\u0173 (VARIO) galvu\u010di\u0173 HOGERT \u012franki\u0173 komplektas 10-24mm \/ 18dali\u0173<\/p>","protected":false},"featured_media":239009,"comment_status":"open","ping_status":"closed","template":"","meta":[],"product_cat":[9966],"product_tag":[9969],"class_list":{"0":"post-239007","1":"product","2":"type-product","3":"status-publish","4":"has-post-thumbnail","6":"product_brand-hogert-technik-vokietija","7":"product_cat-kiauryminiai-galvuciu-komplektai","8":"product_tag-hogert-technik-vokietija","10":"first","11":"instock","12":"purchasable","13":"product-type-simple"},"jetpack_sharing_enabled":true,"_links":{"self":[{"href":"https:\/\/irankiuzona.lt\/ru\/wp-json\/wp\/v2\/product\/239007","targetHints":{"allow":["GET"]}}],"collection":[{"href":"https:\/\/irankiuzona.lt\/ru\/wp-json\/wp\/v2\/product"}],"about":[{"href":"https:\/\/irankiuzona.lt\/ru\/wp-json\/wp\/v2\/types\/product"}],"replies":[{"embeddable":true,"href":"https:\/\/irankiuzona.lt\/ru\/wp-json\/wp\/v2\/comments?post=239007"}],"version-history":[{"count":1,"href":"https:\/\/irankiuzona.lt\/ru\/wp-json\/wp\/v2\/product\/239007\/revisions"}],"predecessor-version":[{"id":414532,"href":"https:\/\/irankiuzona.lt\/ru\/wp-json\/wp\/v2\/product\/239007\/revisions\/414532"}],"wp:featuredmedia":[{"embeddable":true,"href":"https:\/\/irankiuzona.lt\/ru\/wp-json\/wp\/v2\/media\/239009"}],"wp:attachment":[{"href":"https:\/\/irankiuzona.lt\/ru\/wp-json\/wp\/v2\/media?parent=239007"}],"wp:term":[{"taxonomy":"product_cat","embeddable":true,"href":"https:\/\/irankiuzona.lt\/ru\/wp-json\/wp\/v2\/product_cat?post=239007"},{"taxonomy":"product_tag","embeddable":true,"href":"https:\/\/irankiuzona.lt\/ru\/wp-json\/wp\/v2\/product_tag?post=239007"}],"curies":[{"name":"wp","href":"https:\/\/api.w.org\/{rel}","templated":true}]}}