{"id":239272,"date":"2024-09-29T05:30:47","date_gmt":"2024-09-29T05:30:47","guid":{"rendered":"https:\/\/irankiuzona.lt\/product\/izoliuotas-atsuktuvas-pz0-60-mm-1000-v-s2-plienas\/"},"modified":"2026-04-10T12:58:56","modified_gmt":"2026-04-10T12:58:56","slug":"izoliuotas-atsuktuvas-pz0-60-mm-1000-v-s2-plienas","status":"publish","type":"product","link":"https:\/\/irankiuzona.lt\/ru\/product\/izoliuotas-atsuktuvas-pz0-60-mm-1000-v-s2-plienas\/","title":{"rendered":"Izoliuotas atsuktuvas PZ0 60 mm, 1000 V, S2 plienas"},"content":{"rendered":"<p>atitiktis EN 60900;<br \/>\nVDE 1000 V vardin\u0117;<br \/>\npagamintas i\u0161 auk\u0161tos kokyb\u0117s S2 plieno;<br \/>\npatvarus; atsparus deformacijoms ir pa\u017eeidimams;<br \/>\nizoliuotas, magnetinis antgalis padidina darbo tikslum\u0105 ir komfort\u0105;<br \/>\ndviej\u0173 med\u017eiag\u0173 rankena su specialiai suformuotu neslystan\u010diu pavir\u0161iumi dideliu sukimo momento perdavimui.<\/p>","protected":false},"excerpt":{"rendered":"<p>Izoliuotas atsuktuvas PZ0 60 mm, 1000 V, S2 plienas<\/p>","protected":false},"featured_media":239274,"comment_status":"open","ping_status":"open","template":"","meta":[],"product_cat":[9993],"product_tag":[9969],"class_list":{"0":"post-239272","1":"product","2":"type-product","3":"status-publish","4":"has-post-thumbnail","6":"product_brand-hogert-technik-vokietija","7":"product_cat-atsuktuvai-elektrikui","8":"product_tag-hogert-technik-vokietija","10":"first","11":"instock","12":"purchasable","13":"product-type-simple"},"jetpack_sharing_enabled":true,"_links":{"self":[{"href":"https:\/\/irankiuzona.lt\/ru\/wp-json\/wp\/v2\/product\/239272","targetHints":{"allow":["GET"]}}],"collection":[{"href":"https:\/\/irankiuzona.lt\/ru\/wp-json\/wp\/v2\/product"}],"about":[{"href":"https:\/\/irankiuzona.lt\/ru\/wp-json\/wp\/v2\/types\/product"}],"replies":[{"embeddable":true,"href":"https:\/\/irankiuzona.lt\/ru\/wp-json\/wp\/v2\/comments?post=239272"}],"version-history":[{"count":1,"href":"https:\/\/irankiuzona.lt\/ru\/wp-json\/wp\/v2\/product\/239272\/revisions"}],"predecessor-version":[{"id":414622,"href":"https:\/\/irankiuzona.lt\/ru\/wp-json\/wp\/v2\/product\/239272\/revisions\/414622"}],"wp:featuredmedia":[{"embeddable":true,"href":"https:\/\/irankiuzona.lt\/ru\/wp-json\/wp\/v2\/media\/239274"}],"wp:attachment":[{"href":"https:\/\/irankiuzona.lt\/ru\/wp-json\/wp\/v2\/media?parent=239272"}],"wp:term":[{"taxonomy":"product_cat","embeddable":true,"href":"https:\/\/irankiuzona.lt\/ru\/wp-json\/wp\/v2\/product_cat?post=239272"},{"taxonomy":"product_tag","embeddable":true,"href":"https:\/\/irankiuzona.lt\/ru\/wp-json\/wp\/v2\/product_tag?post=239272"}],"curies":[{"name":"wp","href":"https:\/\/api.w.org\/{rel}","templated":true}]}}