{"id":239275,"date":"2024-09-29T05:30:47","date_gmt":"2024-09-29T05:30:47","guid":{"rendered":"https:\/\/irankiuzona.lt\/product\/izoliuotas-atsuktuvas-pz1-80-mm-1000-v-s2-plienas\/"},"modified":"2026-04-10T10:37:45","modified_gmt":"2026-04-10T10:37:45","slug":"izoliuotas-atsuktuvas-pz1-80-mm-1000-v-s2-plienas","status":"publish","type":"product","link":"https:\/\/irankiuzona.lt\/ru\/product\/izoliuotas-atsuktuvas-pz1-80-mm-1000-v-s2-plienas\/","title":{"rendered":"Izoliuotas atsuktuvas PZ1 80 mm, 1000 V, S2 plienas"},"content":{"rendered":"<p>atitiktis en 60900<br \/>\nVDE 1000 V vardinis<br \/>\npagamintas i\u0161 auk\u0161tos kokyb\u0117s s2 plieno<br \/>\npatvarus<br \/>\natsparus deformacijoms ir pa\u017eeidimams<br \/>\nizoliuotas magnetinis antgalis padidina darbo tikslum\u0105 ir komfort\u0105<br \/>\ndviej\u0173 med\u017eiag\u0173 rankena su specialiai suformuotu neslystan\u010diu pavir\u0161iumi dideliu sukimo momento perdavimui<\/p>","protected":false},"excerpt":{"rendered":"<p>Izoliuotas atsuktuvas PZ1 80 mm, 1000 V, S2 plienas<\/p>","protected":false},"featured_media":239277,"comment_status":"open","ping_status":"open","template":"","meta":[],"product_cat":[9993],"product_tag":[9969],"class_list":{"0":"post-239275","1":"product","2":"type-product","3":"status-publish","4":"has-post-thumbnail","6":"product_brand-hogert-technik-vokietija","7":"product_cat-atsuktuvai-elektrikui","8":"product_tag-hogert-technik-vokietija","10":"first","11":"instock","12":"purchasable","13":"product-type-simple"},"jetpack_sharing_enabled":true,"_links":{"self":[{"href":"https:\/\/irankiuzona.lt\/ru\/wp-json\/wp\/v2\/product\/239275","targetHints":{"allow":["GET"]}}],"collection":[{"href":"https:\/\/irankiuzona.lt\/ru\/wp-json\/wp\/v2\/product"}],"about":[{"href":"https:\/\/irankiuzona.lt\/ru\/wp-json\/wp\/v2\/types\/product"}],"replies":[{"embeddable":true,"href":"https:\/\/irankiuzona.lt\/ru\/wp-json\/wp\/v2\/comments?post=239275"}],"version-history":[{"count":1,"href":"https:\/\/irankiuzona.lt\/ru\/wp-json\/wp\/v2\/product\/239275\/revisions"}],"predecessor-version":[{"id":414623,"href":"https:\/\/irankiuzona.lt\/ru\/wp-json\/wp\/v2\/product\/239275\/revisions\/414623"}],"wp:featuredmedia":[{"embeddable":true,"href":"https:\/\/irankiuzona.lt\/ru\/wp-json\/wp\/v2\/media\/239277"}],"wp:attachment":[{"href":"https:\/\/irankiuzona.lt\/ru\/wp-json\/wp\/v2\/media?parent=239275"}],"wp:term":[{"taxonomy":"product_cat","embeddable":true,"href":"https:\/\/irankiuzona.lt\/ru\/wp-json\/wp\/v2\/product_cat?post=239275"},{"taxonomy":"product_tag","embeddable":true,"href":"https:\/\/irankiuzona.lt\/ru\/wp-json\/wp\/v2\/product_tag?post=239275"}],"curies":[{"name":"wp","href":"https:\/\/api.w.org\/{rel}","templated":true}]}}