{"id":239287,"date":"2024-09-29T05:30:48","date_gmt":"2024-09-29T05:30:48","guid":{"rendered":"https:\/\/irankiuzona.lt\/product\/atsuktuvas-elektrikui-ph2-x-100-mm-1000v\/"},"modified":"2025-02-05T00:16:04","modified_gmt":"2025-02-05T00:16:04","slug":"atsuktuvas-elektrikui-ph2-x-100-mm-1000v","status":"publish","type":"product","link":"https:\/\/irankiuzona.lt\/ru\/product\/atsuktuvas-elektrikui-ph2-x-100-mm-1000v\/","title":{"rendered":"Atsuktuvas elektrikui PH2 x 100 mm, 1000V"},"content":{"rendered":"<p>. Atitinka EN 60900;. VDE 1000 V sertifikatas;. Pagaminta i\u0161 auk\u0161tos kokyb\u0117s chromo-molibdeno plieno, kuris suteikia papildom\u0105 apsaug\u0105\u012frankio apsauga nuo korozijos;. Patvarus, atsparus deformacijai ir pa\u017eeidimams.<\/p>","protected":false},"excerpt":{"rendered":"<p>Atsuktuvas elektrikui PH2 x 100 mm, 1000V<\/p>","protected":false},"featured_media":239289,"comment_status":"open","ping_status":"open","template":"","meta":[],"product_cat":[9984],"product_tag":[9969],"class_list":{"0":"post-239287","1":"product","2":"type-product","3":"status-publish","4":"has-post-thumbnail","6":"product_brand-hogert-technik-vokietija","7":"product_cat-elektriko-irankiai","8":"product_tag-hogert-technik-vokietija","10":"first","11":"instock","12":"purchasable","13":"product-type-simple"},"jetpack_sharing_enabled":true,"_links":{"self":[{"href":"https:\/\/irankiuzona.lt\/ru\/wp-json\/wp\/v2\/product\/239287","targetHints":{"allow":["GET"]}}],"collection":[{"href":"https:\/\/irankiuzona.lt\/ru\/wp-json\/wp\/v2\/product"}],"about":[{"href":"https:\/\/irankiuzona.lt\/ru\/wp-json\/wp\/v2\/types\/product"}],"replies":[{"embeddable":true,"href":"https:\/\/irankiuzona.lt\/ru\/wp-json\/wp\/v2\/comments?post=239287"}],"version-history":[{"count":0,"href":"https:\/\/irankiuzona.lt\/ru\/wp-json\/wp\/v2\/product\/239287\/revisions"}],"wp:featuredmedia":[{"embeddable":true,"href":"https:\/\/irankiuzona.lt\/ru\/wp-json\/wp\/v2\/media\/239289"}],"wp:attachment":[{"href":"https:\/\/irankiuzona.lt\/ru\/wp-json\/wp\/v2\/media?parent=239287"}],"wp:term":[{"taxonomy":"product_cat","embeddable":true,"href":"https:\/\/irankiuzona.lt\/ru\/wp-json\/wp\/v2\/product_cat?post=239287"},{"taxonomy":"product_tag","embeddable":true,"href":"https:\/\/irankiuzona.lt\/ru\/wp-json\/wp\/v2\/product_tag?post=239287"}],"curies":[{"name":"wp","href":"https:\/\/api.w.org\/{rel}","templated":true}]}}