{"id":239305,"date":"2024-09-29T05:30:50","date_gmt":"2024-09-29T05:30:50","guid":{"rendered":"https:\/\/irankiuzona.lt\/product\/atsuktuvas-elektrikui-pz2-sl6-x-100-mm-1000v\/"},"modified":"2025-02-05T00:16:05","modified_gmt":"2025-02-05T00:16:05","slug":"atsuktuvas-elektrikui-pz2-sl6-x-100-mm-1000v","status":"publish","type":"product","link":"https:\/\/irankiuzona.lt\/ru\/product\/atsuktuvas-elektrikui-pz2-sl6-x-100-mm-1000v\/","title":{"rendered":"Atsuktuvas elektrikui PZ2\/SL6 x 100 mm, 1000V"},"content":{"rendered":"<p>Atitinka EN 60900;. VDE 1000 V sertifikatas;. pagamintas i\u0161 auk\u0161tos kokyb\u0117s chromo-molibdeno plieno, kuris papildomai apsaugo \u012frank\u012f nuo korozijos;. patvarus, atsparus deformacijai ir pa\u017eeidimams;. antgalis padengtas juodu fosfatu, kad padidint\u0173 jo ilgaam\u017ei\u0161kum\u0105 ir naudojimo saugum\u0105;. dviej\u0173 med\u017eiag\u0173 rankena su profiliuotu neslystan\u010diu pavir\u0161iumi, kad padidint\u0173 priver\u017eimo j\u0117g\u0105 ir naudojimo saugum\u0105.<\/p>","protected":false},"excerpt":{"rendered":"<p>Atsuktuvas elektrikui PZ2\/SL6 x 100 mm, 1000V<\/p>","protected":false},"featured_media":239307,"comment_status":"open","ping_status":"open","template":"","meta":[],"product_cat":[9984],"product_tag":[9969],"class_list":{"0":"post-239305","1":"product","2":"type-product","3":"status-publish","4":"has-post-thumbnail","6":"product_brand-hogert-technik-vokietija","7":"product_cat-elektriko-irankiai","8":"product_tag-hogert-technik-vokietija","10":"first","11":"instock","12":"purchasable","13":"product-type-simple"},"jetpack_sharing_enabled":true,"_links":{"self":[{"href":"https:\/\/irankiuzona.lt\/ru\/wp-json\/wp\/v2\/product\/239305","targetHints":{"allow":["GET"]}}],"collection":[{"href":"https:\/\/irankiuzona.lt\/ru\/wp-json\/wp\/v2\/product"}],"about":[{"href":"https:\/\/irankiuzona.lt\/ru\/wp-json\/wp\/v2\/types\/product"}],"replies":[{"embeddable":true,"href":"https:\/\/irankiuzona.lt\/ru\/wp-json\/wp\/v2\/comments?post=239305"}],"version-history":[{"count":0,"href":"https:\/\/irankiuzona.lt\/ru\/wp-json\/wp\/v2\/product\/239305\/revisions"}],"wp:featuredmedia":[{"embeddable":true,"href":"https:\/\/irankiuzona.lt\/ru\/wp-json\/wp\/v2\/media\/239307"}],"wp:attachment":[{"href":"https:\/\/irankiuzona.lt\/ru\/wp-json\/wp\/v2\/media?parent=239305"}],"wp:term":[{"taxonomy":"product_cat","embeddable":true,"href":"https:\/\/irankiuzona.lt\/ru\/wp-json\/wp\/v2\/product_cat?post=239305"},{"taxonomy":"product_tag","embeddable":true,"href":"https:\/\/irankiuzona.lt\/ru\/wp-json\/wp\/v2\/product_tag?post=239305"}],"curies":[{"name":"wp","href":"https:\/\/api.w.org\/{rel}","templated":true}]}}