{"id":239308,"date":"2024-09-29T05:30:50","date_gmt":"2024-09-29T05:30:50","guid":{"rendered":"https:\/\/irankiuzona.lt\/product\/elektriko-atsuktuvu-komplektas-1000v-s2-plienas-hogert-ht1s994\/"},"modified":"2026-04-10T05:19:46","modified_gmt":"2026-04-10T05:19:46","slug":"elektriko-atsuktuvu-komplektas-1000v-s2-plienas-hogert-ht1s994","status":"publish","type":"product","link":"https:\/\/irankiuzona.lt\/ru\/product\/elektriko-atsuktuvu-komplektas-1000v-s2-plienas-hogert-ht1s994\/","title":{"rendered":"Elektriko atsuktuvu komplektas 1000V \/ S2 plienas, HOGERT HT1S994"},"content":{"rendered":"<p>Keturi\u0173 atsuktuv\u0173 rinkinys, skirtas darbui su \u012ftampais elektros laidais, kuri\u0173 \u012ftampa iki 1000 V.Komplekte yra \u012ftampos testeris, skirtas aptikti \u012ftamp\u0105 laiduose ir elektros lizduose.<\/p>\n<p>. atitiktis DIN 60900. sertifikuotas VDE 1000 V. pagamintas i\u0161 auk\u0161tos kokyb\u0117s S2 legiruoto plieno. patvarus, atsparus pa\u017eeidimams ir deformacijoms. dviej\u0173 med\u017eiag\u0173 rankena su specialiai suformuotu neslystan\u010diu pavir\u0161iumi greitam sukimo momento perdavimui<\/p>","protected":false},"excerpt":{"rendered":"<p>Elektriko atsuktuvu komplektas 1000V \/ S2 plienas<\/p>","protected":false},"featured_media":239310,"comment_status":"open","ping_status":"open","template":"","meta":[],"product_cat":[9984],"product_tag":[9969],"class_list":{"0":"post-239308","1":"product","2":"type-product","3":"status-publish","4":"has-post-thumbnail","6":"product_brand-hogert-technik-vokietija","7":"product_cat-elektriko-irankiai","8":"product_tag-hogert-technik-vokietija","10":"first","11":"instock","12":"purchasable","13":"product-type-simple"},"jetpack_sharing_enabled":true,"_links":{"self":[{"href":"https:\/\/irankiuzona.lt\/ru\/wp-json\/wp\/v2\/product\/239308","targetHints":{"allow":["GET"]}}],"collection":[{"href":"https:\/\/irankiuzona.lt\/ru\/wp-json\/wp\/v2\/product"}],"about":[{"href":"https:\/\/irankiuzona.lt\/ru\/wp-json\/wp\/v2\/types\/product"}],"replies":[{"embeddable":true,"href":"https:\/\/irankiuzona.lt\/ru\/wp-json\/wp\/v2\/comments?post=239308"}],"version-history":[{"count":1,"href":"https:\/\/irankiuzona.lt\/ru\/wp-json\/wp\/v2\/product\/239308\/revisions"}],"predecessor-version":[{"id":414634,"href":"https:\/\/irankiuzona.lt\/ru\/wp-json\/wp\/v2\/product\/239308\/revisions\/414634"}],"wp:featuredmedia":[{"embeddable":true,"href":"https:\/\/irankiuzona.lt\/ru\/wp-json\/wp\/v2\/media\/239310"}],"wp:attachment":[{"href":"https:\/\/irankiuzona.lt\/ru\/wp-json\/wp\/v2\/media?parent=239308"}],"wp:term":[{"taxonomy":"product_cat","embeddable":true,"href":"https:\/\/irankiuzona.lt\/ru\/wp-json\/wp\/v2\/product_cat?post=239308"},{"taxonomy":"product_tag","embeddable":true,"href":"https:\/\/irankiuzona.lt\/ru\/wp-json\/wp\/v2\/product_tag?post=239308"}],"curies":[{"name":"wp","href":"https:\/\/api.w.org\/{rel}","templated":true}]}}