{"id":239311,"date":"2024-09-29T05:30:50","date_gmt":"2024-09-29T05:30:50","guid":{"rendered":"https:\/\/irankiuzona.lt\/product\/elektriko-atsuktuvu-kompletkas-1000v-s2-plienas-hogert-ht1s996\/"},"modified":"2026-04-10T05:19:46","modified_gmt":"2026-04-10T05:19:46","slug":"elektriko-atsuktuvu-kompletkas-1000v-s2-plienas-hogert-ht1s996","status":"publish","type":"product","link":"https:\/\/irankiuzona.lt\/ru\/product\/elektriko-atsuktuvu-kompletkas-1000v-s2-plienas-hogert-ht1s996\/","title":{"rendered":"Elektriko atsuktuvu kompletkas 1000V \/ S2 plienas, HOGERT  HT1S996"},"content":{"rendered":"<p>2.5&#215;75 mm 4&#215;100 mm 5.5&#215;125 mm PH0 60 mm PH1 80 mm PH2 100 mm<\/p>\n<p>atitinka EN 60900.\u00a0serifikuotas VDE 1000 V. pagamintas i\u0161 auk\u0161tos kokyb\u0117s S2 plieno. patvarus; atsparus deformacijoms ir pa\u017eeidimams. dviej\u0173 med\u017eiag\u0173 rankena su specialiai suformuotu neslystan\u010diu pavir\u0161iumi greitam sukimo momento perdavimui<\/p>","protected":false},"excerpt":{"rendered":"<p>Elektriko atsuktuvu kompletkas 1000V \/ S2 plienas<\/p>","protected":false},"featured_media":239313,"comment_status":"open","ping_status":"open","template":"","meta":[],"product_cat":[9984],"product_tag":[9969],"class_list":{"0":"post-239311","1":"product","2":"type-product","3":"status-publish","4":"has-post-thumbnail","6":"product_brand-hogert-technik-vokietija","7":"product_cat-elektriko-irankiai","8":"product_tag-hogert-technik-vokietija","10":"first","11":"instock","12":"purchasable","13":"product-type-simple"},"jetpack_sharing_enabled":true,"_links":{"self":[{"href":"https:\/\/irankiuzona.lt\/ru\/wp-json\/wp\/v2\/product\/239311","targetHints":{"allow":["GET"]}}],"collection":[{"href":"https:\/\/irankiuzona.lt\/ru\/wp-json\/wp\/v2\/product"}],"about":[{"href":"https:\/\/irankiuzona.lt\/ru\/wp-json\/wp\/v2\/types\/product"}],"replies":[{"embeddable":true,"href":"https:\/\/irankiuzona.lt\/ru\/wp-json\/wp\/v2\/comments?post=239311"}],"version-history":[{"count":1,"href":"https:\/\/irankiuzona.lt\/ru\/wp-json\/wp\/v2\/product\/239311\/revisions"}],"predecessor-version":[{"id":414635,"href":"https:\/\/irankiuzona.lt\/ru\/wp-json\/wp\/v2\/product\/239311\/revisions\/414635"}],"wp:featuredmedia":[{"embeddable":true,"href":"https:\/\/irankiuzona.lt\/ru\/wp-json\/wp\/v2\/media\/239313"}],"wp:attachment":[{"href":"https:\/\/irankiuzona.lt\/ru\/wp-json\/wp\/v2\/media?parent=239311"}],"wp:term":[{"taxonomy":"product_cat","embeddable":true,"href":"https:\/\/irankiuzona.lt\/ru\/wp-json\/wp\/v2\/product_cat?post=239311"},{"taxonomy":"product_tag","embeddable":true,"href":"https:\/\/irankiuzona.lt\/ru\/wp-json\/wp\/v2\/product_tag?post=239311"}],"curies":[{"name":"wp","href":"https:\/\/api.w.org\/{rel}","templated":true}]}}