{"id":239425,"date":"2024-09-29T05:31:02","date_gmt":"2024-09-29T05:31:02","guid":{"rendered":"https:\/\/irankiuzona.lt\/product\/raktas-skydinems-universalus-76-mm\/"},"modified":"2026-04-10T07:56:48","modified_gmt":"2026-04-10T07:56:48","slug":"raktas-skydinems-universalus-76-mm","status":"publish","type":"product","link":"https:\/\/irankiuzona.lt\/ru\/product\/raktas-skydinems-universalus-76-mm\/","title":{"rendered":"Raktas skydin\u0117ms universalus, 76 mm"},"content":{"rendered":"<p>pagamintas i\u0161 sl\u0117ginio cinko. 2 kvadratin\u0117s skyl\u0117s, 5 mm ir 8 mm. 10 mm trikamp\u0117 skyl\u0117. 9 mm kastuvo anga. papildomas dvipusis 6 mm\/PH2 atsuktuvo antgalis. 1\/4&quot; atsuktuvo antgalio adapteris<\/p>","protected":false},"excerpt":{"rendered":"<p>Raktas skydin\u0117ms universalus, 76 mm<\/p>","protected":false},"featured_media":239427,"comment_status":"open","ping_status":"open","template":"","meta":[],"product_cat":[9984],"product_tag":[9969],"class_list":{"0":"post-239425","1":"product","2":"type-product","3":"status-publish","4":"has-post-thumbnail","6":"product_brand-hogert-technik-vokietija","7":"product_cat-elektriko-irankiai","8":"product_tag-hogert-technik-vokietija","10":"first","11":"instock","12":"purchasable","13":"product-type-simple"},"jetpack_sharing_enabled":true,"_links":{"self":[{"href":"https:\/\/irankiuzona.lt\/ru\/wp-json\/wp\/v2\/product\/239425","targetHints":{"allow":["GET"]}}],"collection":[{"href":"https:\/\/irankiuzona.lt\/ru\/wp-json\/wp\/v2\/product"}],"about":[{"href":"https:\/\/irankiuzona.lt\/ru\/wp-json\/wp\/v2\/types\/product"}],"replies":[{"embeddable":true,"href":"https:\/\/irankiuzona.lt\/ru\/wp-json\/wp\/v2\/comments?post=239425"}],"version-history":[{"count":1,"href":"https:\/\/irankiuzona.lt\/ru\/wp-json\/wp\/v2\/product\/239425\/revisions"}],"predecessor-version":[{"id":414673,"href":"https:\/\/irankiuzona.lt\/ru\/wp-json\/wp\/v2\/product\/239425\/revisions\/414673"}],"wp:featuredmedia":[{"embeddable":true,"href":"https:\/\/irankiuzona.lt\/ru\/wp-json\/wp\/v2\/media\/239427"}],"wp:attachment":[{"href":"https:\/\/irankiuzona.lt\/ru\/wp-json\/wp\/v2\/media?parent=239425"}],"wp:term":[{"taxonomy":"product_cat","embeddable":true,"href":"https:\/\/irankiuzona.lt\/ru\/wp-json\/wp\/v2\/product_cat?post=239425"},{"taxonomy":"product_tag","embeddable":true,"href":"https:\/\/irankiuzona.lt\/ru\/wp-json\/wp\/v2\/product_tag?post=239425"}],"curies":[{"name":"wp","href":"https:\/\/api.w.org\/{rel}","templated":true}]}}