{"id":239431,"date":"2024-09-29T05:40:03","date_gmt":"2024-09-29T05:40:03","guid":{"rendered":"https:\/\/irankiuzona.lt\/product\/lenktu-l-formos-sesiakampiu-komplektas-hex-h1-h10-hoegert\/"},"modified":"2026-05-15T13:07:24","modified_gmt":"2026-05-15T13:07:24","slug":"lenktu-l-formos-sesiakampiu-komplektas-hex-h1-h10-hoegert","status":"publish","type":"product","link":"https:\/\/irankiuzona.lt\/ru\/product\/lenktu-l-formos-sesiakampiu-komplektas-hex-h1-h10-hoegert\/","title":{"rendered":"Lenkt\u0173 L-formos \u0161e\u0161iakampi\u0173 komplektas HEX H1-H10 HOEGERT"},"content":{"rendered":"<p>Lenkti \u0161e\u0161iakampiai L-formos.S2 plienasKomplekte: H1-H2-H2,5-H3-H4-H5-H6-H8-H10 mm<\/p>","protected":false},"excerpt":{"rendered":"<p>Lenkt\u0173 L-formos \u0161e\u0161iakampi\u0173 komplektas HEX H1-H10 HOEGERT<\/p>","protected":false},"featured_media":239433,"comment_status":"open","ping_status":"open","template":"","meta":[],"product_cat":[9560],"product_tag":[9969],"class_list":{"0":"post-239431","1":"product","2":"type-product","3":"status-publish","4":"has-post-thumbnail","6":"product_brand-hogert-technik-vokietija","7":"product_cat-l-formos-torx-ir-hex-raktu-komplektai","8":"product_tag-hogert-technik-vokietija","10":"first","11":"instock","12":"purchasable","13":"product-type-simple"},"jetpack_sharing_enabled":true,"_links":{"self":[{"href":"https:\/\/irankiuzona.lt\/ru\/wp-json\/wp\/v2\/product\/239431","targetHints":{"allow":["GET"]}}],"collection":[{"href":"https:\/\/irankiuzona.lt\/ru\/wp-json\/wp\/v2\/product"}],"about":[{"href":"https:\/\/irankiuzona.lt\/ru\/wp-json\/wp\/v2\/types\/product"}],"replies":[{"embeddable":true,"href":"https:\/\/irankiuzona.lt\/ru\/wp-json\/wp\/v2\/comments?post=239431"}],"version-history":[{"count":1,"href":"https:\/\/irankiuzona.lt\/ru\/wp-json\/wp\/v2\/product\/239431\/revisions"}],"predecessor-version":[{"id":414675,"href":"https:\/\/irankiuzona.lt\/ru\/wp-json\/wp\/v2\/product\/239431\/revisions\/414675"}],"wp:featuredmedia":[{"embeddable":true,"href":"https:\/\/irankiuzona.lt\/ru\/wp-json\/wp\/v2\/media\/239433"}],"wp:attachment":[{"href":"https:\/\/irankiuzona.lt\/ru\/wp-json\/wp\/v2\/media?parent=239431"}],"wp:term":[{"taxonomy":"product_cat","embeddable":true,"href":"https:\/\/irankiuzona.lt\/ru\/wp-json\/wp\/v2\/product_cat?post=239431"},{"taxonomy":"product_tag","embeddable":true,"href":"https:\/\/irankiuzona.lt\/ru\/wp-json\/wp\/v2\/product_tag?post=239431"}],"curies":[{"name":"wp","href":"https:\/\/api.w.org\/{rel}","templated":true}]}}